{"id":97,"date":"2023-08-25T13:29:35","date_gmt":"2023-08-25T10:29:35","guid":{"rendered":"https:\/\/aglonasvsk.wordpress.com\/?page_id=97"},"modified":"2023-08-25T13:29:35","modified_gmt":"2023-08-25T10:29:35","slug":"galerija","status":"publish","type":"page","link":"https:\/\/www.aglonasskola.edu.lv\/?page_id=97","title":{"rendered":"Galerijas"},"content":{"rendered":"\n<h2 class=\"wp-block-heading\">2023\/2024 m\u0101c\u012bbu gads<\/h2>\n\n\n\n<h6 class=\"wp-block-heading\">8.-12.kla\u0161u Ziemassv\u0113tku pas\u0101kums &#8220;Grin\u010ds un vi\u0146a draugi&#8221;<\/h6>\n\n\n\n<figure class=\"wp-block-gallery has-nested-images columns-default is-cropped wp-block-gallery-1 is-layout-flex wp-block-gallery-is-layout-flex\">\n<figure class=\"wp-block-image size-large\"><img loading=\"lazy\" decoding=\"async\" width=\"2048\" height=\"2048\" data-id=\"222\" src=\"http:\/\/www.aglonasskola.edu.lv\/wp-content\/uploads\/2023\/12\/ziemassvetki1.jpg?w=1024\" alt=\"\" class=\"wp-image-222\" srcset=\"https:\/\/www.aglonasskola.edu.lv\/wp-content\/uploads\/2023\/12\/ziemassvetki1.jpg 2048w, https:\/\/www.aglonasskola.edu.lv\/wp-content\/uploads\/2023\/12\/ziemassvetki1-300x300.jpg 300w, https:\/\/www.aglonasskola.edu.lv\/wp-content\/uploads\/2023\/12\/ziemassvetki1-1024x1024.jpg 1024w, https:\/\/www.aglonasskola.edu.lv\/wp-content\/uploads\/2023\/12\/ziemassvetki1-150x150.jpg 150w, https:\/\/www.aglonasskola.edu.lv\/wp-content\/uploads\/2023\/12\/ziemassvetki1-768x768.jpg 768w, https:\/\/www.aglonasskola.edu.lv\/wp-content\/uploads\/2023\/12\/ziemassvetki1-1536x1536.jpg 1536w\" sizes=\"auto, (max-width: 2048px) 100vw, 2048px\" \/><\/figure>\n\n\n\n<figure class=\"wp-block-image size-large\"><img loading=\"lazy\" decoding=\"async\" width=\"2048\" height=\"2048\" data-id=\"226\" src=\"http:\/\/www.aglonasskola.edu.lv\/wp-content\/uploads\/2023\/12\/ziemassvetki2.jpg?w=1024\" alt=\"\" class=\"wp-image-226\" srcset=\"https:\/\/www.aglonasskola.edu.lv\/wp-content\/uploads\/2023\/12\/ziemassvetki2.jpg 2048w, https:\/\/www.aglonasskola.edu.lv\/wp-content\/uploads\/2023\/12\/ziemassvetki2-300x300.jpg 300w, https:\/\/www.aglonasskola.edu.lv\/wp-content\/uploads\/2023\/12\/ziemassvetki2-1024x1024.jpg 1024w, https:\/\/www.aglonasskola.edu.lv\/wp-content\/uploads\/2023\/12\/ziemassvetki2-150x150.jpg 150w, https:\/\/www.aglonasskola.edu.lv\/wp-content\/uploads\/2023\/12\/ziemassvetki2-768x768.jpg 768w, https:\/\/www.aglonasskola.edu.lv\/wp-content\/uploads\/2023\/12\/ziemassvetki2-1536x1536.jpg 1536w\" sizes=\"auto, (max-width: 2048px) 100vw, 2048px\" \/><\/figure>\n\n\n\n<figure class=\"wp-block-image size-large\"><img loading=\"lazy\" decoding=\"async\" width=\"2048\" height=\"2048\" data-id=\"225\" src=\"http:\/\/www.aglonasskola.edu.lv\/wp-content\/uploads\/2023\/12\/ziemassvetki3.jpg?w=1024\" alt=\"\" class=\"wp-image-225\" srcset=\"https:\/\/www.aglonasskola.edu.lv\/wp-content\/uploads\/2023\/12\/ziemassvetki3.jpg 2048w, https:\/\/www.aglonasskola.edu.lv\/wp-content\/uploads\/2023\/12\/ziemassvetki3-300x300.jpg 300w, https:\/\/www.aglonasskola.edu.lv\/wp-content\/uploads\/2023\/12\/ziemassvetki3-1024x1024.jpg 1024w, https:\/\/www.aglonasskola.edu.lv\/wp-content\/uploads\/2023\/12\/ziemassvetki3-150x150.jpg 150w, https:\/\/www.aglonasskola.edu.lv\/wp-content\/uploads\/2023\/12\/ziemassvetki3-768x768.jpg 768w, https:\/\/www.aglonasskola.edu.lv\/wp-content\/uploads\/2023\/12\/ziemassvetki3-1536x1536.jpg 1536w\" sizes=\"auto, (max-width: 2048px) 100vw, 2048px\" \/><\/figure>\n\n\n\n<figure class=\"wp-block-image size-large\"><img loading=\"lazy\" decoding=\"async\" width=\"2048\" height=\"2048\" data-id=\"224\" src=\"http:\/\/www.aglonasskola.edu.lv\/wp-content\/uploads\/2023\/12\/ziemassvetki4.jpg?w=1024\" alt=\"\" class=\"wp-image-224\" srcset=\"https:\/\/www.aglonasskola.edu.lv\/wp-content\/uploads\/2023\/12\/ziemassvetki4.jpg 2048w, https:\/\/www.aglonasskola.edu.lv\/wp-content\/uploads\/2023\/12\/ziemassvetki4-300x300.jpg 300w, https:\/\/www.aglonasskola.edu.lv\/wp-content\/uploads\/2023\/12\/ziemassvetki4-1024x1024.jpg 1024w, https:\/\/www.aglonasskola.edu.lv\/wp-content\/uploads\/2023\/12\/ziemassvetki4-150x150.jpg 150w, https:\/\/www.aglonasskola.edu.lv\/wp-content\/uploads\/2023\/12\/ziemassvetki4-768x768.jpg 768w, https:\/\/www.aglonasskola.edu.lv\/wp-content\/uploads\/2023\/12\/ziemassvetki4-1536x1536.jpg 1536w\" sizes=\"auto, (max-width: 2048px) 100vw, 2048px\" \/><\/figure>\n\n\n\n<figure class=\"wp-block-image size-large\"><img loading=\"lazy\" decoding=\"async\" width=\"2048\" height=\"2048\" data-id=\"223\" src=\"http:\/\/www.aglonasskola.edu.lv\/wp-content\/uploads\/2023\/12\/ziemassvetki5.jpg?w=1024\" alt=\"\" class=\"wp-image-223\" srcset=\"https:\/\/www.aglonasskola.edu.lv\/wp-content\/uploads\/2023\/12\/ziemassvetki5.jpg 2048w, https:\/\/www.aglonasskola.edu.lv\/wp-content\/uploads\/2023\/12\/ziemassvetki5-300x300.jpg 300w, https:\/\/www.aglonasskola.edu.lv\/wp-content\/uploads\/2023\/12\/ziemassvetki5-1024x1024.jpg 1024w, https:\/\/www.aglonasskola.edu.lv\/wp-content\/uploads\/2023\/12\/ziemassvetki5-150x150.jpg 150w, https:\/\/www.aglonasskola.edu.lv\/wp-content\/uploads\/2023\/12\/ziemassvetki5-768x768.jpg 768w, https:\/\/www.aglonasskola.edu.lv\/wp-content\/uploads\/2023\/12\/ziemassvetki5-1536x1536.jpg 1536w\" sizes=\"auto, (max-width: 2048px) 100vw, 2048px\" \/><\/figure>\n\n\n\n<figure class=\"wp-block-image size-large\"><img loading=\"lazy\" decoding=\"async\" width=\"2048\" height=\"2048\" data-id=\"227\" src=\"http:\/\/www.aglonasskola.edu.lv\/wp-content\/uploads\/2023\/12\/ziemassvetki6.jpg?w=1024\" alt=\"\" class=\"wp-image-227\" srcset=\"https:\/\/www.aglonasskola.edu.lv\/wp-content\/uploads\/2023\/12\/ziemassvetki6.jpg 2048w, https:\/\/www.aglonasskola.edu.lv\/wp-content\/uploads\/2023\/12\/ziemassvetki6-300x300.jpg 300w, https:\/\/www.aglonasskola.edu.lv\/wp-content\/uploads\/2023\/12\/ziemassvetki6-1024x1024.jpg 1024w, https:\/\/www.aglonasskola.edu.lv\/wp-content\/uploads\/2023\/12\/ziemassvetki6-150x150.jpg 150w, https:\/\/www.aglonasskola.edu.lv\/wp-content\/uploads\/2023\/12\/ziemassvetki6-768x768.jpg 768w, https:\/\/www.aglonasskola.edu.lv\/wp-content\/uploads\/2023\/12\/ziemassvetki6-1536x1536.jpg 1536w\" sizes=\"auto, (max-width: 2048px) 100vw, 2048px\" \/><\/figure>\n<\/figure>\n","protected":false},"excerpt":{"rendered":"<p>2023\/2024 m\u0101c\u012bbu gads 8.-12.kla\u0161u Ziemassv\u0113tku pas\u0101kums &#8220;Grin\u010ds un vi\u0146a draugi&#8221;<\/p>\n","protected":false},"author":2,"featured_media":0,"parent":0,"menu_order":0,"comment_status":"closed","ping_status":"closed","template":"","meta":{"site-sidebar-layout":"default","site-content-layout":"","ast-site-content-layout":"default","site-content-style":"default","site-sidebar-style":"default","ast-global-header-display":"","ast-banner-title-visibility":"","ast-main-header-display":"","ast-hfb-above-header-display":"","ast-hfb-below-header-display":"","ast-hfb-mobile-header-display":"","site-post-title":"","ast-breadcrumbs-content":"","ast-featured-img":"","footer-sml-layout":"","theme-transparent-header-meta":"","adv-header-id-meta":"","stick-header-meta":"","header-above-stick-meta":"","header-main-stick-meta":"","header-below-stick-meta":"","astra-migrate-meta-layouts":"default","ast-page-background-enabled":"default","ast-page-background-meta":{"desktop":{"background-color":"var(--ast-global-color-5)","background-image":"","background-repeat":"repeat","background-position":"center center","background-size":"auto","background-attachment":"scroll","background-type":"","background-media":"","overlay-type":"","overlay-color":"","overlay-opacity":"","overlay-gradient":""},"tablet":{"background-color":"","background-image":"","background-repeat":"repeat","background-position":"center center","background-size":"auto","background-attachment":"scroll","background-type":"","background-media":"","overlay-type":"","overlay-color":"","overlay-opacity":"","overlay-gradient":""},"mobile":{"background-color":"","background-image":"","background-repeat":"repeat","background-position":"center center","background-size":"auto","background-attachment":"scroll","background-type":"","background-media":"","overlay-type":"","overlay-color":"","overlay-opacity":"","overlay-gradient":""}},"ast-content-background-meta":{"desktop":{"background-color":"var(--ast-global-color-4)","background-image":"","background-repeat":"repeat","background-position":"center center","background-size":"auto","background-attachment":"scroll","background-type":"","background-media":"","overlay-type":"","overlay-color":"","overlay-opacity":"","overlay-gradient":""},"tablet":{"background-color":"var(--ast-global-color-4)","background-image":"","background-repeat":"repeat","background-position":"center center","background-size":"auto","background-attachment":"scroll","background-type":"","background-media":"","overlay-type":"","overlay-color":"","overlay-opacity":"","overlay-gradient":""},"mobile":{"background-color":"var(--ast-global-color-4)","background-image":"","background-repeat":"repeat","background-position":"center center","background-size":"auto","background-attachment":"scroll","background-type":"","background-media":"","overlay-type":"","overlay-color":"","overlay-opacity":"","overlay-gradient":""}},"footnotes":""},"class_list":["post-97","page","type-page","status-publish","hentry"],"_links":{"self":[{"href":"https:\/\/www.aglonasskola.edu.lv\/index.php?rest_route=\/wp\/v2\/pages\/97","targetHints":{"allow":["GET"]}}],"collection":[{"href":"https:\/\/www.aglonasskola.edu.lv\/index.php?rest_route=\/wp\/v2\/pages"}],"about":[{"href":"https:\/\/www.aglonasskola.edu.lv\/index.php?rest_route=\/wp\/v2\/types\/page"}],"author":[{"embeddable":true,"href":"https:\/\/www.aglonasskola.edu.lv\/index.php?rest_route=\/wp\/v2\/users\/2"}],"replies":[{"embeddable":true,"href":"https:\/\/www.aglonasskola.edu.lv\/index.php?rest_route=%2Fwp%2Fv2%2Fcomments&post=97"}],"version-history":[{"count":0,"href":"https:\/\/www.aglonasskola.edu.lv\/index.php?rest_route=\/wp\/v2\/pages\/97\/revisions"}],"wp:attachment":[{"href":"https:\/\/www.aglonasskola.edu.lv\/index.php?rest_route=%2Fwp%2Fv2%2Fmedia&parent=97"}],"curies":[{"name":"wp","href":"https:\/\/api.w.org\/{rel}","templated":true}]}}