{"id":93,"date":"2023-08-25T13:26:31","date_gmt":"2023-08-25T10:26:31","guid":{"rendered":"https:\/\/aglonasvsk.wordpress.com\/?page_id=93"},"modified":"2024-09-23T11:49:57","modified_gmt":"2024-09-23T08:49:57","slug":"interesu-izglitiba","status":"publish","type":"page","link":"https:\/\/www.aglonasskola.edu.lv\/?page_id=93","title":{"rendered":"Intere\u0161u izgl\u012bt\u012bba"},"content":{"rendered":"\n<h2 class=\"wp-block-heading\">Robotika<\/h2>\n\n\n\n<figure class=\"wp-block-image size-large\"><img loading=\"lazy\" decoding=\"async\" width=\"2048\" height=\"1536\" src=\"http:\/\/www.aglonasskola.edu.lv\/wp-content\/uploads\/2023\/12\/ev3_roboti-1.jpg?w=1024\" alt=\"\" class=\"wp-image-152\" srcset=\"https:\/\/www.aglonasskola.edu.lv\/wp-content\/uploads\/2023\/12\/ev3_roboti-1.jpg 2048w, https:\/\/www.aglonasskola.edu.lv\/wp-content\/uploads\/2023\/12\/ev3_roboti-1-300x225.jpg 300w, https:\/\/www.aglonasskola.edu.lv\/wp-content\/uploads\/2023\/12\/ev3_roboti-1-1024x768.jpg 1024w, https:\/\/www.aglonasskola.edu.lv\/wp-content\/uploads\/2023\/12\/ev3_roboti-1-768x576.jpg 768w, https:\/\/www.aglonasskola.edu.lv\/wp-content\/uploads\/2023\/12\/ev3_roboti-1-1536x1152.jpg 1536w\" sizes=\"auto, (max-width: 2048px) 100vw, 2048px\" \/><\/figure>\n\n\n\n<p><strong>Roboti <\/strong>\u2013 t\u0101s ir automatiz\u0113tas ier\u012bces, kuras daudzas darb\u012bbas izdara cilv\u0113ka viet\u0101. T\u0101 ir m\u016bsu tuv\u0101k\u0101 n\u0101kotne!<\/p>\n\n\n\n<p>Lai robots pareizi darbotos, ir pareizi j\u0101sast\u0101da t\u0101 programma. Rakstot programmas ir j\u0101paredz da\u017e\u0101das situ\u0101cijas, kas var gad\u012bties.<\/p>\n\n\n\n<p><strong><span style=\"text-decoration: underline\">Tehnisk\u0101 b\u0101ze:<\/span><\/strong> Datori, EV3 Mindstorms, Sphero mini, Ozobot, Spike Essential, BricQ Motion Essential<\/p>\n\n\n\n<p><strong>Uz\u0146em dal\u012bbniekus<\/strong> no&nbsp;<strong>2. l\u012bdz 12. klasei<\/strong><\/p>\n\n\n\n<h2 class=\"wp-block-heading\">Koris<\/h2>\n\n\n\n<h2 class=\"wp-block-heading\">Ansamblis<\/h2>\n\n\n\n<h2 class=\"wp-block-heading\">Deju kolekt\u012bvi<\/h2>\n\n\n\n<h2 class=\"wp-block-heading\">Improviz\u0101cijas te\u0101tris<\/h2>\n\n\n\n<figure class=\"wp-block-image size-large\"><img loading=\"lazy\" decoding=\"async\" width=\"768\" height=\"1024\" src=\"https:\/\/www.aglonasskola.edu.lv\/wp-content\/uploads\/2024\/09\/improviz_teatris-768x1024.jpg\" alt=\"\" class=\"wp-image-303\" srcset=\"https:\/\/www.aglonasskola.edu.lv\/wp-content\/uploads\/2024\/09\/improviz_teatris-768x1024.jpg 768w, https:\/\/www.aglonasskola.edu.lv\/wp-content\/uploads\/2024\/09\/improviz_teatris-225x300.jpg 225w, https:\/\/www.aglonasskola.edu.lv\/wp-content\/uploads\/2024\/09\/improviz_teatris-1152x1536.jpg 1152w, https:\/\/www.aglonasskola.edu.lv\/wp-content\/uploads\/2024\/09\/improviz_teatris.jpg 1200w\" sizes=\"auto, (max-width: 768px) 100vw, 768px\" \/><\/figure>\n\n\n\n<p>Pas\u0101kum\u0101 Prei\u013cos ar div\u0101m ludzi\u0146\u0101m &#8211; &#8220;Vec\u012b\u0161a cimdi\u0146\u0161&#8221; un &#8220;Puskilograms cukura&#8221;.<\/p>\n\n\n\n<h2 class=\"wp-block-heading\">Rado\u0161\u0101 rakstniec\u012bba<\/h2>\n\n\n\n<p><\/p>\n","protected":false},"excerpt":{"rendered":"<p>Robotika Roboti \u2013 t\u0101s ir automatiz\u0113tas ier\u012bces, kuras daudzas darb\u012bbas izdara cilv\u0113ka viet\u0101. T\u0101 ir m\u016bsu tuv\u0101k\u0101 n\u0101kotne! Lai robots [&hellip;]<\/p>\n","protected":false},"author":2,"featured_media":0,"parent":0,"menu_order":0,"comment_status":"closed","ping_status":"closed","template":"","meta":{"site-sidebar-layout":"default","site-content-layout":"","ast-site-content-layout":"default","site-content-style":"default","site-sidebar-style":"default","ast-global-header-display":"","ast-banner-title-visibility":"","ast-main-header-display":"","ast-hfb-above-header-display":"","ast-hfb-below-header-display":"","ast-hfb-mobile-header-display":"","site-post-title":"","ast-breadcrumbs-content":"","ast-featured-img":"","footer-sml-layout":"","theme-transparent-header-meta":"","adv-header-id-meta":"","stick-header-meta":"","header-above-stick-meta":"","header-main-stick-meta":"","header-below-stick-meta":"","astra-migrate-meta-layouts":"default","ast-page-background-enabled":"default","ast-page-background-meta":{"desktop":{"background-color":"var(--ast-global-color-5)","background-image":"","background-repeat":"repeat","background-position":"center center","background-size":"auto","background-attachment":"scroll","background-type":"","background-media":"","overlay-type":"","overlay-color":"","overlay-opacity":"","overlay-gradient":""},"tablet":{"background-color":"","background-image":"","background-repeat":"repeat","background-position":"center center","background-size":"auto","background-attachment":"scroll","background-type":"","background-media":"","overlay-type":"","overlay-color":"","overlay-opacity":"","overlay-gradient":""},"mobile":{"background-color":"","background-image":"","background-repeat":"repeat","background-position":"center center","background-size":"auto","background-attachment":"scroll","background-type":"","background-media":"","overlay-type":"","overlay-color":"","overlay-opacity":"","overlay-gradient":""}},"ast-content-background-meta":{"desktop":{"background-color":"var(--ast-global-color-4)","background-image":"","background-repeat":"repeat","background-position":"center center","background-size":"auto","background-attachment":"scroll","background-type":"","background-media":"","overlay-type":"","overlay-color":"","overlay-opacity":"","overlay-gradient":""},"tablet":{"background-color":"var(--ast-global-color-4)","background-image":"","background-repeat":"repeat","background-position":"center center","background-size":"auto","background-attachment":"scroll","background-type":"","background-media":"","overlay-type":"","overlay-color":"","overlay-opacity":"","overlay-gradient":""},"mobile":{"background-color":"var(--ast-global-color-4)","background-image":"","background-repeat":"repeat","background-position":"center center","background-size":"auto","background-attachment":"scroll","background-type":"","background-media":"","overlay-type":"","overlay-color":"","overlay-opacity":"","overlay-gradient":""}},"footnotes":""},"class_list":["post-93","page","type-page","status-publish","hentry"],"_links":{"self":[{"href":"https:\/\/www.aglonasskola.edu.lv\/index.php?rest_route=\/wp\/v2\/pages\/93","targetHints":{"allow":["GET"]}}],"collection":[{"href":"https:\/\/www.aglonasskola.edu.lv\/index.php?rest_route=\/wp\/v2\/pages"}],"about":[{"href":"https:\/\/www.aglonasskola.edu.lv\/index.php?rest_route=\/wp\/v2\/types\/page"}],"author":[{"embeddable":true,"href":"https:\/\/www.aglonasskola.edu.lv\/index.php?rest_route=\/wp\/v2\/users\/2"}],"replies":[{"embeddable":true,"href":"https:\/\/www.aglonasskola.edu.lv\/index.php?rest_route=%2Fwp%2Fv2%2Fcomments&post=93"}],"version-history":[{"count":1,"href":"https:\/\/www.aglonasskola.edu.lv\/index.php?rest_route=\/wp\/v2\/pages\/93\/revisions"}],"predecessor-version":[{"id":304,"href":"https:\/\/www.aglonasskola.edu.lv\/index.php?rest_route=\/wp\/v2\/pages\/93\/revisions\/304"}],"wp:attachment":[{"href":"https:\/\/www.aglonasskola.edu.lv\/index.php?rest_route=%2Fwp%2Fv2%2Fmedia&parent=93"}],"curies":[{"name":"wp","href":"https:\/\/api.w.org\/{rel}","templated":true}]}}