{"id":91,"date":"2023-08-25T13:25:21","date_gmt":"2023-08-25T10:25:21","guid":{"rendered":"https:\/\/aglonasvsk.wordpress.com\/?page_id=91"},"modified":"2025-11-13T11:30:20","modified_gmt":"2025-11-13T09:30:20","slug":"transporta-grafiki","status":"publish","type":"page","link":"https:\/\/www.aglonasskola.edu.lv\/?page_id=91","title":{"rendered":"Transporta grafiki"},"content":{"rendered":"\n<h2 class=\"wp-block-heading\"><strong>Aglonas vidusskolas skol\u0113nu autobusa mar\u0161ruta saraksts&nbsp; Nr.7<\/strong><\/h2>\n\n\n\n<p>(<strong><em><u>Aglona \u2013<\/u><\/em><\/strong> <strong><em><u>Muran\u010diki- Andrupene-<\/u><\/em><\/strong> <strong><em><u>Asta\u0161ova \u2013<\/u><\/em><\/strong> <strong><em><u>Vecokra-<\/u><\/em><\/strong> <strong><em><u>U\u017eani\u0161ki- Prie\u017emale- Kapi\u0146i- B\u0113rzgale- Smani- Jaunaglona -Aglonas vidusskola)<\/u><\/em><\/strong> ( Autobusa vad\u012bt\u0101js Andris Trizna , t. 28758690)<\/p>\n\n\n\n<h3 class=\"wp-block-heading\"><strong><em>No r\u012bta<\/em><\/strong><\/h3>\n\n\n\n<p><\/p>\n\n\n\n<figure class=\"wp-block-table\"><table class=\"has-fixed-layout\"><tbody><tr><td><strong><em><u>Punkts<\/u><\/em><\/strong><\/td><td><strong><em><u>Pietura<\/u><\/em><\/strong><\/td><td><strong><em><u>Laiks<\/u><\/em><\/strong><\/td><\/tr><tr><td>1<\/td><td>Aglona (gar\u0101\u017ea)<\/td><td>&nbsp;<\/td><\/tr><tr><td>2<\/td><td>&nbsp; &nbsp; Muran\u010diki<\/td><td>7:15<\/td><\/tr><tr><td>3<\/td><td>Mariampole<\/td><td>7:18<\/td><\/tr><tr><td>4<\/td><td>Andrupene<\/td><td>7:25<\/td><\/tr><tr><td>5<\/td><td>Asta\u0161ova<\/td><td>7:37<\/td><\/tr><tr><td>6<\/td><td>Vecokra<\/td><td>7:43<\/td><\/tr><tr><td>7<\/td><td>U\u017eani\u0161ki<\/td><td>7:50<\/td><\/tr><tr><td>8<\/td><td>Guta Prie\u017emale<\/td><td>8:10<\/td><\/tr><tr><td>9<\/td><td>Fo\u013cvarka (pie liel\u0101 ce\u013ca)<\/td><td>8:15<\/td><\/tr><tr><td><a>10<\/a><\/td><td>Kapi\u0146i<\/td><td>8:17<\/td><\/tr><tr><td>11<\/td><td>B\u0113rzgale<\/td><td>8:20<\/td><\/tr><tr><td><a>12<\/a><\/td><td>Smani<\/td><td>8:28<\/td><\/tr><tr><td>13<\/td><td>Jaunaglona<\/td><td>08:32<\/td><\/tr><tr><td>14<\/td><td>Aglonas vidusskola<\/td><td>08:36<\/td><\/tr><tr><td>15<\/td><td>Aglonas PII<\/td><td>08:40<\/td><\/tr><\/tbody><\/table><\/figure>\n\n\n\n<h3 class=\"wp-block-heading\"><strong>No skolas<\/strong><\/h3>\n\n\n\n<figure class=\"wp-block-table\"><table class=\"has-fixed-layout\"><tbody><tr><td><strong><em><u>Punkts<\/u><\/em><\/strong><\/td><td><strong><em><u>Pietura<\/u><\/em><\/strong><\/td><td><strong><em><u>Laiks<\/u><\/em><\/strong><\/td><\/tr><tr><td>15<\/td><td>Aglonas PII<\/td><td>16:05<\/td><\/tr><tr><td>14<\/td><td>Aglonas vidusskola<\/td><td>16:15<\/td><\/tr><tr><td>13<\/td><td>Jaunaglona<\/td><td>16:20<\/td><\/tr><tr><td>12<\/td><td>Smani<\/td><td>16:24<\/td><\/tr><tr><td>11<\/td><td>B\u0113rzgale<\/td><td>16:29<\/td><\/tr><tr><td>10<\/td><td>Kapi\u0146i<\/td><td>16:32<\/td><\/tr><tr><td>9<\/td><td>Fo\u013cvarka (pie liel\u0101 ce\u013ca)<\/td><td>16:34<\/td><\/tr><tr><td>8<\/td><td>Prie\u017emale<\/td><td>16:39<\/td><\/tr><tr><td>7<\/td><td>U\u017eani\u0161ki<\/td><td>16:50<\/td><\/tr><tr><td>6<\/td><td>Vecokra<\/td><td>16:57<\/td><\/tr><tr><td>5<\/td><td>Asta\u0161ova<\/td><td>17:03<\/td><\/tr><tr><td>4<\/td><td>Andrupene<\/td><td>17:13<\/td><\/tr><tr><td>3<\/td><td>Mariampole<\/td><td>17:16<\/td><\/tr><tr><td>2<\/td><td>Muran\u010diki<\/td><td>17:20<\/td><\/tr><\/tbody><\/table><\/figure>\n\n\n\n<h2 class=\"wp-block-heading\"><strong>Aglonas vidusskolas skol\u0113nu autobusa mar\u0161ruta saraksts&nbsp; Nr.6<\/strong><\/h2>\n\n\n\n<p>(<a><\/a><a><strong><em><u>Aglona -Sp\u012b\u0137i- Salenieki- &nbsp;Aglonas vidusskola-<\/u><\/em><\/strong><\/a> <strong><em><u>\u0160ahma\u0146i- \u0160\u0137eltova- Borovije- T\u016bli- Aglonas vidusskola-Aglona<\/u><\/em><\/strong><strong><em><u>)<\/u><\/em><\/strong><\/p>\n\n\n\n<p>&nbsp;&nbsp;&nbsp;&nbsp;&nbsp;&nbsp;&nbsp;&nbsp;&nbsp;&nbsp;&nbsp;&nbsp;&nbsp;&nbsp;&nbsp;&nbsp;&nbsp;&nbsp;&nbsp;&nbsp;&nbsp;&nbsp;&nbsp;&nbsp;&nbsp;&nbsp;&nbsp;&nbsp;&nbsp;&nbsp;&nbsp;&nbsp;&nbsp;&nbsp;&nbsp;&nbsp;&nbsp;&nbsp;&nbsp;&nbsp;&nbsp;&nbsp;&nbsp;&nbsp; ( Autobusa vad\u012bt\u0101js Ivars Verza , t. 29133725)<\/p>\n\n\n\n<h3 class=\"wp-block-heading\"><strong>No r\u012bta<\/strong><\/h3>\n\n\n\n<figure class=\"wp-block-table\"><table class=\"has-fixed-layout\"><tbody><tr><td><strong><em><u>Punkts<\/u><\/em><\/strong><\/td><td><strong><em><u>Pietura<\/u><\/em><\/strong><\/td><td><strong><em><u>Laiks<\/u><\/em><\/strong><\/td><\/tr><tr><td>1<\/td><td>Aglona (gar\u0101\u017ea)<\/td><td>7.30<\/td><\/tr><tr><td>2<\/td><td>Sp\u012b\u0137i<\/td><td>7:38<\/td><\/tr><tr><td>3<\/td><td>Salenieki<\/td><td>7:40<\/td><\/tr><tr><td>4<\/td><td>Aglonas vidusskola<\/td><td>7:45<\/td><\/tr><tr><td>5<\/td><td>\u0160ahmani<\/td><td>8:01<\/td><\/tr><tr><td>6<\/td><td>\u0160\u0137eltova<\/td><td>8:08 &nbsp;<\/td><\/tr><tr><td>7<\/td><td>Borovije<\/td><td>8:13 &nbsp;<\/td><\/tr><tr><td>8<\/td><td>T\u016b\u013ci<\/td><td>8:20 &nbsp;<\/td><\/tr><tr><td>9<\/td><td>Skujas<strong><\/strong><\/td><td>8:23<\/td><\/tr><tr><td>10<\/td><td>Aglonas PII<\/td><td>8:27 &nbsp;<\/td><\/tr><tr><td>11<\/td><td>Aglonas vidusskola<\/td><td>8:35 &nbsp;<\/td><\/tr><\/tbody><\/table><\/figure>\n\n\n\n<h3 class=\"wp-block-heading\"><strong><em>No skolas<\/em><\/strong><\/h3>\n\n\n\n<figure class=\"wp-block-table\"><table class=\"has-fixed-layout\"><tbody><tr><td><strong><em><u>Punkts<\/u><\/em><\/strong><strong><em><u><\/u><\/em><\/strong><\/td><td><strong><em><u>Pietura<\/u><\/em><\/strong><strong><em><u><\/u><\/em><\/strong><\/td><td><strong><em><u>Laiks<\/u><\/em><\/strong><strong><em><u><\/u><\/em><\/strong><\/td><\/tr><tr><td>11<\/td><td>Aglonas vidusskola<\/td><td>16:15<\/td><\/tr><tr><td>10<\/td><td>Aglonas PII<\/td><td>16:20<\/td><\/tr><tr><td>9<\/td><td>Skujas<\/td><td>16:29<\/td><\/tr><tr><td>8<\/td><td>T\u016b\u013ci<\/td><td>16:31<\/td><\/tr><tr><td>7<\/td><td>Borovije<\/td><td>16:38<\/td><\/tr><tr><td>6<\/td><td>\u0160\u0137eltova<\/td><td>16:43<\/td><\/tr><tr><td>5<\/td><td>\u0160ahma\u0146i<\/td><td>16:54<\/td><\/tr><tr><td>4<\/td><td>Aglonas vidusskola<\/td><td>17:08<\/td><\/tr><tr><td>3<\/td><td>Salenieki<\/td><td>17:12<\/td><\/tr><tr><td>2<\/td><td>Sp\u012b\u0137i<\/td><td>17:18<\/td><\/tr><\/tbody><\/table><\/figure>\n\n\n\n<h2 class=\"wp-block-heading\"><strong>Aglonas vidusskolas skol\u0113nu autobusa mar\u0161ruta saraksts&nbsp; Nr.8<\/strong><\/h2>\n\n\n\n<p><strong>Aglona- Belogrudova -Me\u0161kalova- Gr\u0101veri- Zabalotki \u2013 Karaseva- B\u0113\u0161oni- Aglonas maizes ceptuve- Aglonas PII- Aglonas vidusskola- Aglona.<\/strong><\/p>\n\n\n\n<p>(Autobusa vad\u012bt\u0101js Sergejs Afanasjevs mob. nr 26137885)<\/p>\n\n\n\n<h3 class=\"wp-block-heading\"><strong>No r\u012bta<\/strong><\/h3>\n\n\n\n<figure class=\"wp-block-table\"><table class=\"has-fixed-layout\"><tbody><tr><td><strong><em><u>Punkts<\/u><\/em><\/strong><\/td><td><strong><em><u>Pietura<\/u><\/em><\/strong><\/td><td><strong><em><u>Laiks<\/u><\/em><\/strong><\/td><\/tr><tr><td><strong><em><u>&nbsp;<\/u><\/em><\/strong><\/td><td><strong><em><u>&nbsp;<\/u><\/em><\/strong><\/td><td><strong><em><u>&nbsp;<\/u><\/em><\/strong><\/td><\/tr><tr><td><strong><em><u>2<\/u><\/em><\/strong><\/td><td>Belogrudova<\/td><td>7:48<\/td><\/tr><tr><td>3<\/td><td>Me\u0161kalova<\/td><td>7:50<\/td><\/tr><tr><td>4<\/td><td>Gr\u0101veri (centrs)<\/td><td>&nbsp; 7:56<\/td><\/tr><tr><td>5<\/td><td>Gr\u0101veri izbraucot<\/td><td>8:00<\/td><\/tr><tr><td>6<\/td><td>Br\u012bveri<\/td><td>8:10<\/td><\/tr><tr><td>7<\/td><td>Prusaki<\/td><td>8:15<\/td><\/tr><tr><td>8<\/td><td>Karaseva<\/td><td>8:20<\/td><\/tr><tr><td>9<\/td><td>B\u0113\u0161oni<\/td><td>8:25<\/td><\/tr><tr><td>10<\/td><td>Aglonas maizes ceptuve<\/td><td>8:30<\/td><\/tr><tr><td>11<\/td><td>Aglonas PII<\/td><td>8:32<\/td><\/tr><tr><td>12<\/td><td>Aglonas kato\u013cu \u0123imn\u0101zija<\/td><td>8:33<\/td><\/tr><tr><td>13<\/td><td>Aglonas vidusskola<\/td><td>8:35<\/td><\/tr><tr><td>1<\/td><td>Aglona (gar\u0101\u017eas)<\/td><td>&nbsp;<\/td><\/tr><\/tbody><\/table><\/figure>\n\n\n\n<h3 class=\"wp-block-heading\"><strong>No skolas<\/strong><\/h3>\n\n\n\n<figure class=\"wp-block-table\"><table class=\"has-fixed-layout\"><tbody><tr><td><strong><em><u>Punkts<\/u><\/em><\/strong><\/td><td><strong><em><u>Pietura<\/u><\/em><\/strong><\/td><td><strong><em><u>Laiks<\/u><\/em><\/strong><\/td><\/tr><tr><td>11<\/td><td>Aglonas PII<\/td><td>16:10<\/td><\/tr><tr><td>13<\/td><td>Aglonas vidusskola<\/td><td>16:15<\/td><\/tr><tr><td>10<\/td><td>Aglonas maizes ceptuve<\/td><td>16:18<\/td><\/tr><tr><td>9<\/td><td>B\u0113\u0161oni<\/td><td>16:21<\/td><\/tr><tr><td>8<\/td><td>Karaseva<\/td><td>16:25<\/td><\/tr><tr><td>7<\/td><td>Prusaki<\/td><td>16:30<\/td><\/tr><tr><td>6<\/td><td>Br\u012bveri<\/td><td>16:35<\/td><\/tr><tr><td>5<\/td><td>Gr\u0101veri izbraucot<\/td><td>16:38<\/td><\/tr><tr><td>4<\/td><td>Gr\u0101veri (centrs)<\/td><td>16:39<\/td><\/tr><tr><td>3<\/td><td>Me\u0161kalova<\/td><td>16:49<\/td><\/tr><tr><td>2<\/td><td>Belogrudova<\/td><td>16:51<\/td><\/tr><\/tbody><\/table><\/figure>\n","protected":false},"excerpt":{"rendered":"<p>Aglonas vidusskolas skol\u0113nu autobusa mar\u0161ruta saraksts&nbsp; Nr.7 (Aglona \u2013 Muran\u010diki- Andrupene- Asta\u0161ova \u2013 Vecokra- U\u017eani\u0161ki- Prie\u017emale- Kapi\u0146i- B\u0113rzgale- Smani- Jaunaglona [&hellip;]<\/p>\n","protected":false},"author":2,"featured_media":0,"parent":0,"menu_order":0,"comment_status":"closed","ping_status":"closed","template":"","meta":{"site-sidebar-layout":"default","site-content-layout":"","ast-site-content-layout":"default","site-content-style":"default","site-sidebar-style":"default","ast-global-header-display":"","ast-banner-title-visibility":"","ast-main-header-display":"","ast-hfb-above-header-display":"","ast-hfb-below-header-display":"","ast-hfb-mobile-header-display":"","site-post-title":"","ast-breadcrumbs-content":"","ast-featured-img":"","footer-sml-layout":"","theme-transparent-header-meta":"","adv-header-id-meta":"","stick-header-meta":"","header-above-stick-meta":"","header-main-stick-meta":"","header-below-stick-meta":"","astra-migrate-meta-layouts":"default","ast-page-background-enabled":"default","ast-page-background-meta":{"desktop":{"background-color":"var(--ast-global-color-5)","background-image":"","background-repeat":"repeat","background-position":"center center","background-size":"auto","background-attachment":"scroll","background-type":"","background-media":"","overlay-type":"","overlay-color":"","overlay-opacity":"","overlay-gradient":""},"tablet":{"background-color":"","background-image":"","background-repeat":"repeat","background-position":"center center","background-size":"auto","background-attachment":"scroll","background-type":"","background-media":"","overlay-type":"","overlay-color":"","overlay-opacity":"","overlay-gradient":""},"mobile":{"background-color":"","background-image":"","background-repeat":"repeat","background-position":"center center","background-size":"auto","background-attachment":"scroll","background-type":"","background-media":"","overlay-type":"","overlay-color":"","overlay-opacity":"","overlay-gradient":""}},"ast-content-background-meta":{"desktop":{"background-color":"var(--ast-global-color-4)","background-image":"","background-repeat":"repeat","background-position":"center center","background-size":"auto","background-attachment":"scroll","background-type":"","background-media":"","overlay-type":"","overlay-color":"","overlay-opacity":"","overlay-gradient":""},"tablet":{"background-color":"var(--ast-global-color-4)","background-image":"","background-repeat":"repeat","background-position":"center center","background-size":"auto","background-attachment":"scroll","background-type":"","background-media":"","overlay-type":"","overlay-color":"","overlay-opacity":"","overlay-gradient":""},"mobile":{"background-color":"var(--ast-global-color-4)","background-image":"","background-repeat":"repeat","background-position":"center center","background-size":"auto","background-attachment":"scroll","background-type":"","background-media":"","overlay-type":"","overlay-color":"","overlay-opacity":"","overlay-gradient":""}},"footnotes":""},"class_list":["post-91","page","type-page","status-publish","hentry"],"_links":{"self":[{"href":"https:\/\/www.aglonasskola.edu.lv\/index.php?rest_route=\/wp\/v2\/pages\/91","targetHints":{"allow":["GET"]}}],"collection":[{"href":"https:\/\/www.aglonasskola.edu.lv\/index.php?rest_route=\/wp\/v2\/pages"}],"about":[{"href":"https:\/\/www.aglonasskola.edu.lv\/index.php?rest_route=\/wp\/v2\/types\/page"}],"author":[{"embeddable":true,"href":"https:\/\/www.aglonasskola.edu.lv\/index.php?rest_route=\/wp\/v2\/users\/2"}],"replies":[{"embeddable":true,"href":"https:\/\/www.aglonasskola.edu.lv\/index.php?rest_route=%2Fwp%2Fv2%2Fcomments&post=91"}],"version-history":[{"count":2,"href":"https:\/\/www.aglonasskola.edu.lv\/index.php?rest_route=\/wp\/v2\/pages\/91\/revisions"}],"predecessor-version":[{"id":351,"href":"https:\/\/www.aglonasskola.edu.lv\/index.php?rest_route=\/wp\/v2\/pages\/91\/revisions\/351"}],"wp:attachment":[{"href":"https:\/\/www.aglonasskola.edu.lv\/index.php?rest_route=%2Fwp%2Fv2%2Fmedia&parent=91"}],"curies":[{"name":"wp","href":"https:\/\/api.w.org\/{rel}","templated":true}]}}