{"id":55,"date":"2023-05-03T12:41:40","date_gmt":"2023-05-03T09:41:40","guid":{"rendered":"https:\/\/aglonasvsk.wordpress.com\/?page_id=55"},"modified":"2025-11-12T10:11:04","modified_gmt":"2025-11-12T08:11:04","slug":"google-karte","status":"publish","type":"page","link":"https:\/\/www.aglonasskola.edu.lv\/?page_id=55","title":{"rendered":"Kontaktinform\u0101cija"},"content":{"rendered":"\n<p><strong><span style=\"text-decoration: underline\">Juridisk\u0101 adrese: <\/span><\/strong>Daugavpils iela 6, Aglona, Latvia, LV 5304<\/p>\n\n\n\n<p><strong><span style=\"text-decoration: underline\">Skolas re\u0123. nr.: <\/span><\/strong>42139000381<\/p>\n\n\n\n<p><strong><span style=\"text-decoration: underline\">e-pasts:<\/span><\/strong> aglonasvsk@preili.lv<\/p>\n\n\n\n<p><strong><span style=\"text-decoration: underline\">direktors (Guntars Ratenieks):<\/span><\/strong> <a href=\"tel:+371 27830505\">+37126477083 <\/a><\/p>\n\n\n\n<p><strong><span style=\"text-decoration: underline\">lietved\u012bba:<\/span><\/strong> 20274860<\/p>\n\n\n\n<p><\/p>\n\n\n\n<div class=\"wp-block-jetpack-map\" data-map-style=\"default\" data-map-details=\"true\" data-points=\"[{&quot;placeTitle&quot;:&quot;Daugavpils Iela&quot;,&quot;title&quot;:&quot;Daugavpils Iela&quot;,&quot;caption&quot;:&quot;Daugavpils Iela 6, Aglona, Prei\u013ci, 5304, Latvia&quot;,&quot;id&quot;:&quot;address.4959405083495036&quot;,&quot;coordinates&quot;:{&quot;longitude&quot;:26.997514,&quot;latitude&quot;:56.135114}}]\" data-zoom=\"13\" data-map-center=\"{&quot;lat&quot;:56.1351354756376,&quot;lng&quot;:26.997513999999995}\" data-marker-color=\"red\" data-show-fullscreen-button=\"true\"><ul><li><a href=\"https:\/\/www.google.com\/maps\/search\/?api=1&amp;query=56.135114,26.997514\">Daugavpils Iela<\/a><\/li><\/ul><\/div>\n","protected":false},"excerpt":{"rendered":"<p>Juridisk\u0101 adrese: Daugavpils iela 6, Aglona, Latvia, LV 5304 Skolas re\u0123. nr.: 42139000381 e-pasts: aglonasvsk@preili.lv direktors (Guntars Ratenieks): +37126477083 lietved\u012bba: [&hellip;]<\/p>\n","protected":false},"author":2,"featured_media":0,"parent":0,"menu_order":0,"comment_status":"closed","ping_status":"closed","template":"","meta":{"site-sidebar-layout":"default","site-content-layout":"","ast-site-content-layout":"default","site-content-style":"default","site-sidebar-style":"default","ast-global-header-display":"","ast-banner-title-visibility":"","ast-main-header-display":"","ast-hfb-above-header-display":"","ast-hfb-below-header-display":"","ast-hfb-mobile-header-display":"","site-post-title":"","ast-breadcrumbs-content":"","ast-featured-img":"","footer-sml-layout":"","theme-transparent-header-meta":"","adv-header-id-meta":"","stick-header-meta":"","header-above-stick-meta":"","header-main-stick-meta":"","header-below-stick-meta":"","astra-migrate-meta-layouts":"default","ast-page-background-enabled":"default","ast-page-background-meta":{"desktop":{"background-color":"var(--ast-global-color-5)","background-image":"","background-repeat":"repeat","background-position":"center center","background-size":"auto","background-attachment":"scroll","background-type":"","background-media":"","overlay-type":"","overlay-color":"","overlay-opacity":"","overlay-gradient":""},"tablet":{"background-color":"","background-image":"","background-repeat":"repeat","background-position":"center center","background-size":"auto","background-attachment":"scroll","background-type":"","background-media":"","overlay-type":"","overlay-color":"","overlay-opacity":"","overlay-gradient":""},"mobile":{"background-color":"","background-image":"","background-repeat":"repeat","background-position":"center center","background-size":"auto","background-attachment":"scroll","background-type":"","background-media":"","overlay-type":"","overlay-color":"","overlay-opacity":"","overlay-gradient":""}},"ast-content-background-meta":{"desktop":{"background-color":"var(--ast-global-color-4)","background-image":"","background-repeat":"repeat","background-position":"center center","background-size":"auto","background-attachment":"scroll","background-type":"","background-media":"","overlay-type":"","overlay-color":"","overlay-opacity":"","overlay-gradient":""},"tablet":{"background-color":"var(--ast-global-color-4)","background-image":"","background-repeat":"repeat","background-position":"center center","background-size":"auto","background-attachment":"scroll","background-type":"","background-media":"","overlay-type":"","overlay-color":"","overlay-opacity":"","overlay-gradient":""},"mobile":{"background-color":"var(--ast-global-color-4)","background-image":"","background-repeat":"repeat","background-position":"center center","background-size":"auto","background-attachment":"scroll","background-type":"","background-media":"","overlay-type":"","overlay-color":"","overlay-opacity":"","overlay-gradient":""}},"footnotes":""},"class_list":["post-55","page","type-page","status-publish","hentry"],"_links":{"self":[{"href":"https:\/\/www.aglonasskola.edu.lv\/index.php?rest_route=\/wp\/v2\/pages\/55","targetHints":{"allow":["GET"]}}],"collection":[{"href":"https:\/\/www.aglonasskola.edu.lv\/index.php?rest_route=\/wp\/v2\/pages"}],"about":[{"href":"https:\/\/www.aglonasskola.edu.lv\/index.php?rest_route=\/wp\/v2\/types\/page"}],"author":[{"embeddable":true,"href":"https:\/\/www.aglonasskola.edu.lv\/index.php?rest_route=\/wp\/v2\/users\/2"}],"replies":[{"embeddable":true,"href":"https:\/\/www.aglonasskola.edu.lv\/index.php?rest_route=%2Fwp%2Fv2%2Fcomments&post=55"}],"version-history":[{"count":2,"href":"https:\/\/www.aglonasskola.edu.lv\/index.php?rest_route=\/wp\/v2\/pages\/55\/revisions"}],"predecessor-version":[{"id":317,"href":"https:\/\/www.aglonasskola.edu.lv\/index.php?rest_route=\/wp\/v2\/pages\/55\/revisions\/317"}],"wp:attachment":[{"href":"https:\/\/www.aglonasskola.edu.lv\/index.php?rest_route=%2Fwp%2Fv2%2Fmedia&parent=55"}],"curies":[{"name":"wp","href":"https:\/\/api.w.org\/{rel}","templated":true}]}}