{"id":264,"date":"2024-01-08T10:54:41","date_gmt":"2024-01-08T08:54:41","guid":{"rendered":"https:\/\/aglonasvsk.wordpress.com\/?page_id=264"},"modified":"2025-11-06T14:32:58","modified_gmt":"2025-11-06T12:32:58","slug":"dienesta-viesnica","status":"publish","type":"page","link":"https:\/\/www.aglonasskola.edu.lv\/?page_id=264","title":{"rendered":"Dienesta viesn\u012bca"},"content":{"rendered":"\n<p>Audz\u0113k\u0146iem pieejama labiek\u0101rtota bezmaksas dienesta viesn\u012bca.<\/p>\n\n\n\n<p class=\"has-text-align-justify\">Istabi\u0146\u0101s dz\u012bvo pa 3 &#8211; 4 skol\u0113ni katr\u0101 istab\u0101. Katrai istabai &#8211; sava du\u0161a un tualete. <\/p>\n\n\n\n<p class=\"has-text-align-justify\">Tiek pied\u0101v\u0101ta gultasve\u013ca un dvie\u013ci. Ir liela virtuve ar ledusskapi, elektrisko pl\u012bti ar cepe\u0161kr\u0101sni, mikrovi\u013c\u0146u kr\u0101sni, tosteri. Ir ar\u012b elektrisk\u0101 t\u0113jkanna, trauku un virtuves darbar\u012bku minimums. Ir neliela m\u0101c\u012bbu telpa ar datoriem, k\u0101 ar\u012b atp\u016btas st\u016br\u012btis ar televizoru. Ir iesp\u0113ja izmazg\u0101t dr\u0113bes autom\u0101tiskaj\u0101 ve\u013casma\u0161\u012bn\u0101.<\/p>\n\n\n\n<figure class=\"wp-block-image size-large\"><img loading=\"lazy\" decoding=\"async\" width=\"768\" height=\"1024\" src=\"https:\/\/www.aglonasskola.edu.lv\/wp-content\/uploads\/2024\/09\/kopmitnes1-768x1024.jpg\" alt=\"\" class=\"wp-image-298\" srcset=\"https:\/\/www.aglonasskola.edu.lv\/wp-content\/uploads\/2024\/09\/kopmitnes1-768x1024.jpg 768w, https:\/\/www.aglonasskola.edu.lv\/wp-content\/uploads\/2024\/09\/kopmitnes1-225x300.jpg 225w, https:\/\/www.aglonasskola.edu.lv\/wp-content\/uploads\/2024\/09\/kopmitnes1-1152x1536.jpg 1152w, https:\/\/www.aglonasskola.edu.lv\/wp-content\/uploads\/2024\/09\/kopmitnes1.jpg 1200w\" sizes=\"auto, (max-width: 768px) 100vw, 768px\" \/><\/figure>\n\n\n\n<p><\/p>\n\n\n\n<figure class=\"wp-block-image size-large\"><img loading=\"lazy\" decoding=\"async\" width=\"768\" height=\"1024\" src=\"https:\/\/www.aglonasskola.edu.lv\/wp-content\/uploads\/2024\/09\/kopmitnes2-768x1024.jpg\" alt=\"\" class=\"wp-image-300\" srcset=\"https:\/\/www.aglonasskola.edu.lv\/wp-content\/uploads\/2024\/09\/kopmitnes2-768x1024.jpg 768w, https:\/\/www.aglonasskola.edu.lv\/wp-content\/uploads\/2024\/09\/kopmitnes2-225x300.jpg 225w, https:\/\/www.aglonasskola.edu.lv\/wp-content\/uploads\/2024\/09\/kopmitnes2-1152x1536.jpg 1152w, https:\/\/www.aglonasskola.edu.lv\/wp-content\/uploads\/2024\/09\/kopmitnes2.jpg 1200w\" sizes=\"auto, (max-width: 768px) 100vw, 768px\" \/><\/figure>\n","protected":false},"excerpt":{"rendered":"<p>Audz\u0113k\u0146iem pieejama labiek\u0101rtota bezmaksas dienesta viesn\u012bca. Istabi\u0146\u0101s dz\u012bvo pa 3 &#8211; 4 skol\u0113ni katr\u0101 istab\u0101. Katrai istabai &#8211; sava du\u0161a [&hellip;]<\/p>\n","protected":false},"author":2,"featured_media":0,"parent":0,"menu_order":0,"comment_status":"closed","ping_status":"closed","template":"","meta":{"site-sidebar-layout":"default","site-content-layout":"","ast-site-content-layout":"default","site-content-style":"default","site-sidebar-style":"default","ast-global-header-display":"","ast-banner-title-visibility":"","ast-main-header-display":"","ast-hfb-above-header-display":"","ast-hfb-below-header-display":"","ast-hfb-mobile-header-display":"","site-post-title":"","ast-breadcrumbs-content":"","ast-featured-img":"","footer-sml-layout":"","theme-transparent-header-meta":"","adv-header-id-meta":"","stick-header-meta":"","header-above-stick-meta":"","header-main-stick-meta":"","header-below-stick-meta":"","astra-migrate-meta-layouts":"default","ast-page-background-enabled":"default","ast-page-background-meta":{"desktop":{"background-color":"var(--ast-global-color-5)","background-image":"","background-repeat":"repeat","background-position":"center center","background-size":"auto","background-attachment":"scroll","background-type":"","background-media":"","overlay-type":"","overlay-color":"","overlay-opacity":"","overlay-gradient":""},"tablet":{"background-color":"","background-image":"","background-repeat":"repeat","background-position":"center center","background-size":"auto","background-attachment":"scroll","background-type":"","background-media":"","overlay-type":"","overlay-color":"","overlay-opacity":"","overlay-gradient":""},"mobile":{"background-color":"","background-image":"","background-repeat":"repeat","background-position":"center center","background-size":"auto","background-attachment":"scroll","background-type":"","background-media":"","overlay-type":"","overlay-color":"","overlay-opacity":"","overlay-gradient":""}},"ast-content-background-meta":{"desktop":{"background-color":"var(--ast-global-color-4)","background-image":"","background-repeat":"repeat","background-position":"center center","background-size":"auto","background-attachment":"scroll","background-type":"","background-media":"","overlay-type":"","overlay-color":"","overlay-opacity":"","overlay-gradient":""},"tablet":{"background-color":"var(--ast-global-color-4)","background-image":"","background-repeat":"repeat","background-position":"center center","background-size":"auto","background-attachment":"scroll","background-type":"","background-media":"","overlay-type":"","overlay-color":"","overlay-opacity":"","overlay-gradient":""},"mobile":{"background-color":"var(--ast-global-color-4)","background-image":"","background-repeat":"repeat","background-position":"center center","background-size":"auto","background-attachment":"scroll","background-type":"","background-media":"","overlay-type":"","overlay-color":"","overlay-opacity":"","overlay-gradient":""}},"footnotes":""},"class_list":["post-264","page","type-page","status-publish","hentry"],"_links":{"self":[{"href":"https:\/\/www.aglonasskola.edu.lv\/index.php?rest_route=\/wp\/v2\/pages\/264","targetHints":{"allow":["GET"]}}],"collection":[{"href":"https:\/\/www.aglonasskola.edu.lv\/index.php?rest_route=\/wp\/v2\/pages"}],"about":[{"href":"https:\/\/www.aglonasskola.edu.lv\/index.php?rest_route=\/wp\/v2\/types\/page"}],"author":[{"embeddable":true,"href":"https:\/\/www.aglonasskola.edu.lv\/index.php?rest_route=\/wp\/v2\/users\/2"}],"replies":[{"embeddable":true,"href":"https:\/\/www.aglonasskola.edu.lv\/index.php?rest_route=%2Fwp%2Fv2%2Fcomments&post=264"}],"version-history":[{"count":3,"href":"https:\/\/www.aglonasskola.edu.lv\/index.php?rest_route=\/wp\/v2\/pages\/264\/revisions"}],"predecessor-version":[{"id":312,"href":"https:\/\/www.aglonasskola.edu.lv\/index.php?rest_route=\/wp\/v2\/pages\/264\/revisions\/312"}],"wp:attachment":[{"href":"https:\/\/www.aglonasskola.edu.lv\/index.php?rest_route=%2Fwp%2Fv2%2Fmedia&parent=264"}],"curies":[{"name":"wp","href":"https:\/\/api.w.org\/{rel}","templated":true}]}}