{"id":262,"date":"2024-01-08T10:54:01","date_gmt":"2024-01-08T08:54:01","guid":{"rendered":"https:\/\/aglonasvsk.wordpress.com\/?page_id=262"},"modified":"2025-11-06T14:21:30","modified_gmt":"2025-11-06T12:21:30","slug":"biblioteka","status":"publish","type":"page","link":"https:\/\/www.aglonasskola.edu.lv\/?page_id=262","title":{"rendered":"Bibliot\u0113ka"},"content":{"rendered":"\n<h2 class=\"wp-block-heading\"><strong>Darba laiks<\/strong><\/h2>\n\n\n\n<p><strong>Pirmdiena 8.15 \u2013 16:15<\/strong><\/p>\n\n\n\n<p><strong>Otrdiena 8.15 \u2013 16:15<\/strong><\/p>\n\n\n\n<p><strong>Tre\u0161diena 8.15 \u2013 16:15<\/strong><\/p>\n\n\n\n<p><strong>Ceturtdiena 8.15 \u2013 12:15<\/strong><\/p>\n\n\n\n<h2 class=\"wp-block-heading\">Visp\u0101r\u012bga inform\u0101cija<\/h2>\n\n\n\n<p>Bibliot\u0113k\u0101 ir&nbsp; vair\u0101k nek\u0101 20 datori ar interneta piesl\u0113gumu, printeris, kop\u0113t\u0101js un skeneris.<\/p>\n\n\n\n<p>Skolas bibliot\u0113kas kop\u0113jais gr\u0101matu fonds sast\u0101da apm\u0113ram 8500 gr\u0101matu. Skol\u0113ni var sa\u0146emt gr\u0101matas un citu inform\u0101ciju m\u0101c\u012bbu vajadz\u012bb\u0101m un br\u012bv\u0101 laika pavad\u012b\u0161anai, skol\u0113niem un skolot\u0101jiem ir pieejams pla\u0161s latvie\u0161u, \u0101rzemju literat\u016bras fonds. Las\u012bt\u0101ju skaits ir vair\u0101k nek\u0101 350.<\/p>\n\n\n\n<p>Skolas bibliot\u0113k\u0101 tiek r\u012bkotas tematisk\u0101s, k\u0101 ar\u012b jaun\u0101ko gr\u0101matu izst\u0101des, da\u017e\u0101di izgl\u012btojo\u0161i pas\u0101kumi.<\/p>\n\n\n\n<p>Ik gadu bibliot\u0113ka piedal\u0101s \u201cB\u0113rnu, jaunie\u0161u, vec\u0101ku \u017e\u016brij\u0101\u201d, da\u017e\u0101dos konkursos un projektos. &nbsp;Tiek r\u012bkotas da\u017e\u0101das akcijas.<\/p>\n\n\n\n<h2 class=\"wp-block-heading\"><strong>Bibliot\u0113kas lieto\u0161anas noteikumi<\/strong><\/h2>\n\n\n\n<ul class=\"wp-block-list\">\n<li>M\u0101c\u012bbu gada s\u0101kum\u0101 skol\u0113ni sa\u0146em m\u0101c\u012bbu gr\u0101matas person\u012bgi.<\/li>\n\n\n\n<li>Katr\u0101 m\u0101c\u012bbu gr\u0101mat\u0101 ir j\u0101b\u016bt skol\u0113na v\u0101rdam un uzv\u0101rdam.<\/li>\n\n\n\n<li>M\u0101c\u012bbu gr\u0101matai j\u0101b\u016bt apv\u0101kotai.<\/li>\n\n\n\n<li>Skol\u0113ns nedr\u012bkst rakst\u012bt m\u0101c\u012bbu gr\u0101mat\u0101, izdar\u012bt da\u017e\u0101dus pierakstus ne ar z\u012bmuli, ne ar pildspalvu.<\/li>\n\n\n\n<li>M\u0101c\u012bbu gada beig\u0101s visas m\u0101c\u012bbu gr\u0101matas skol\u0113ni p\u0101rbauda un person\u012bgi nodod skolas bibliotek\u0101ram.<\/li>\n\n\n\n<li>M\u0101c\u012bbu gr\u0101matas nozaud\u0113\u0161anas un saboj\u0101\u0161anas gad\u012bjum\u0101 t\u0101 j\u0101aizst\u0101j ar identisku izdevumu.<\/li>\n<\/ul>\n\n\n\n<h2 class=\"wp-block-heading\">Noder\u012bgas interneta vietnes skol\u0113niem<\/h2>\n\n\n\n<figure class=\"wp-block-table\"><table class=\"has-fixed-layout\"><tbody><tr><td><a href=\"http:\/\/www.drossinternets.lv\">www.drossinternets.lv<\/a><\/td><td><\/td><\/tr><tr><td><a href=\"http:\/\/www.dzimba.lv\">www.dzimba.lv<\/a><\/td><td>par dro\u0161u b\u0113rn\u012bbu \u2013 sp\u0113les<\/td><\/tr><tr><td><a href=\"http:\/\/www.jurjans.lv\/\">www.jurjans.lv<\/a><\/td><td>sp\u0113\u013cu kaste<\/td><\/tr><tr><td><a href=\"http:\/\/www.cirkulis.lv\">www.cirkulis.lv<\/a><\/td><td>kr\u0101sojam\u0101s lapas un uzdevumi b\u0113rniem<\/td><\/tr><tr><td><a href=\"http:\/\/www.pasakas.lv\/\">www.pasakas.lv<\/a><\/td><td>latvie\u0161u anim\u0101cija, audiolas\u012bjumi<\/td><\/tr><tr><td><a href=\"http:\/\/www.lasamkoks.lv\/\">www.lasamkoks.lv<\/a><\/td><td>interakt\u012bvs komunik\u0101cijas r\u012bks un<br>digit\u0101l\u0101 bibliot\u0113ka<\/td><\/tr><tr><td><a href=\"http:\/\/www.ailab.lv\/\">www.ailab.lv<\/a><\/td><td>latvie\u0161u valodas m\u0101c\u012bbl\u012bdzek\u013ci<\/td><\/tr><tr><td><a href=\"http:\/\/www.epupa.valoda.lv\/\">www.epupa.valoda.lv<\/a><\/td><td>elektroniska latvie\u0161u valodas v\u0101rdn\u012bca<\/td><\/tr><tr><td><a href=\"http:\/\/www.letonika.lv\/\">www.letonika.lv<\/a><\/td><td>enciklop\u0113dijas un v\u0101rdn\u012bcas<\/td><\/tr><tr><td><a href=\"http:\/\/www.maciunmacies.valoda.lv\/\">www.maciunmacies.valoda.lv<\/a><\/td><td>latvie\u0161u valoda<\/td><\/tr><tr><td><a href=\"http:\/\/www.zudusilatvija.lv\/\">www.zudusilatvija.lv<\/a><\/td><td>seni z\u012bm\u0113jumi, atkl\u0101tnes un fotogr\u0101fijas no 19. gadsimta beig\u0101m l\u012bdz m\u016bsdien\u0101m<\/td><\/tr><tr><td><a href=\"http:\/\/www.redzidzirdilatviju.lv\/\">www.redzidzirdilatviju.lv<\/a><\/td><td>Latvijas Nacion\u0101l\u0101 arh\u012bva Latvijas Valsts kinofotofonodokumentu arh\u012bva<br>audiovizu\u0101lo dokumentu digit\u0101l\u0101 kr\u0101tuve<\/td><\/tr><tr><td><a href=\"http:\/\/www.periodika.lv\/\">www.periodika.lv<\/a><\/td><td>Latvijas Nacion\u0101l\u0101s bibliot\u0113kas digit\u0101l\u0101 kolekcija<\/td><\/tr><tr><td><a href=\"http:\/\/www.filmas.lv\/\">www.filmas.lv<\/a><\/td><td>Latvijas filmu katalogs \/ materi\u0101li skolot\u0101jam un darba lapas skol\u0113niem \/<\/td><\/tr><tr><td><a href=\"http:\/\/www.muzeji.lv\/lv\/museums\">www.muzeji.lv\/lv\/museums<\/a><\/td><td>Latvijas muzeju katalogs<\/td><\/tr><tr><td><a href=\"http:\/\/memorialiemuzeji.lv\/\">memorialiemuzeji.lv<\/a><\/td><td>Latvijas kult\u016brv\u0113sturei noz\u012bm\u012bgo person\u012bbu dz\u012bves un rado\u0161\u0101s darb\u012bbas<br>m\u016bsdien\u012bga atkl\u0101sme memori\u0101laj\u0101 vid\u0113, latvie\u0161u literat\u016bras un kult\u016bras v\u0113stures att\u012bst\u012bbas atspogu\u013cojums caur konkr\u0113tas person\u012bbas un t\u0101s dz\u012bves telpas skatapunktu<\/td><\/tr><tr><td><a href=\"http:\/\/www.brivdabasmuzejs.lv\/\">www.brivdabasmuzejs.lv<\/a><\/td><td>kult\u016brv\u0113sturiskais mantojums Latvij\u0101 no 17. \u2013 20. gadsimta s\u0101kumam<\/td><\/tr><tr><td><a href=\"http:\/\/www.kulturaskanons.lv\/\">www.kulturaskanons.lv<\/a><\/td><td>izcil\u0101ko un iev\u0113rojam\u0101ko m\u0101kslas darbu un kult\u016bras v\u0113rt\u012bbu kopums, kas atspogu\u013co\u00a0n\u0101cijas visu laiku noz\u012bm\u012bg\u0101kos sasniegumus kult\u016br\u0101<\/td><\/tr><tr><td><a href=\"http:\/\/www.dainuskapis.lv\/\">www.dainuskapis.lv<\/a><\/td><td>datub\u0101ze \u2013 Kri\u0161j\u0101\u0146a Barona Dainu skapis \u2013 elektroniskais katalogs un izv\u0113rstas mekl\u0113\u0161anas iesp\u0113jas<\/td><\/tr><tr><td><a href=\"http:\/\/www.aspazijarainis.lv\/\">www.aspazijarainis.lv<\/a><\/td><td>digit\u0101la datu kolekcija<\/td><\/tr><tr><td><a href=\"http:\/\/www.arlugano.lv\/\">www.arlugano.lv<\/a><\/td><td>Aspazijas un Rai\u0146a virtu\u0101lais muzejs Lug\u0101no<\/td><\/tr><\/tbody><\/table><\/figure>\n","protected":false},"excerpt":{"rendered":"<p>Darba laiks Pirmdiena 8.15 \u2013 16:15 Otrdiena 8.15 \u2013 16:15 Tre\u0161diena 8.15 \u2013 16:15 Ceturtdiena 8.15 \u2013 12:15 Visp\u0101r\u012bga inform\u0101cija [&hellip;]<\/p>\n","protected":false},"author":2,"featured_media":0,"parent":0,"menu_order":0,"comment_status":"closed","ping_status":"closed","template":"","meta":{"site-sidebar-layout":"default","site-content-layout":"","ast-site-content-layout":"default","site-content-style":"default","site-sidebar-style":"default","ast-global-header-display":"","ast-banner-title-visibility":"","ast-main-header-display":"","ast-hfb-above-header-display":"","ast-hfb-below-header-display":"","ast-hfb-mobile-header-display":"","site-post-title":"","ast-breadcrumbs-content":"","ast-featured-img":"","footer-sml-layout":"","theme-transparent-header-meta":"","adv-header-id-meta":"","stick-header-meta":"","header-above-stick-meta":"","header-main-stick-meta":"","header-below-stick-meta":"","astra-migrate-meta-layouts":"default","ast-page-background-enabled":"default","ast-page-background-meta":{"desktop":{"background-color":"var(--ast-global-color-5)","background-image":"","background-repeat":"repeat","background-position":"center center","background-size":"auto","background-attachment":"scroll","background-type":"","background-media":"","overlay-type":"","overlay-color":"","overlay-opacity":"","overlay-gradient":""},"tablet":{"background-color":"","background-image":"","background-repeat":"repeat","background-position":"center center","background-size":"auto","background-attachment":"scroll","background-type":"","background-media":"","overlay-type":"","overlay-color":"","overlay-opacity":"","overlay-gradient":""},"mobile":{"background-color":"","background-image":"","background-repeat":"repeat","background-position":"center center","background-size":"auto","background-attachment":"scroll","background-type":"","background-media":"","overlay-type":"","overlay-color":"","overlay-opacity":"","overlay-gradient":""}},"ast-content-background-meta":{"desktop":{"background-color":"var(--ast-global-color-4)","background-image":"","background-repeat":"repeat","background-position":"center center","background-size":"auto","background-attachment":"scroll","background-type":"","background-media":"","overlay-type":"","overlay-color":"","overlay-opacity":"","overlay-gradient":""},"tablet":{"background-color":"var(--ast-global-color-4)","background-image":"","background-repeat":"repeat","background-position":"center center","background-size":"auto","background-attachment":"scroll","background-type":"","background-media":"","overlay-type":"","overlay-color":"","overlay-opacity":"","overlay-gradient":""},"mobile":{"background-color":"var(--ast-global-color-4)","background-image":"","background-repeat":"repeat","background-position":"center center","background-size":"auto","background-attachment":"scroll","background-type":"","background-media":"","overlay-type":"","overlay-color":"","overlay-opacity":"","overlay-gradient":""}},"footnotes":""},"class_list":["post-262","page","type-page","status-publish","hentry"],"_links":{"self":[{"href":"https:\/\/www.aglonasskola.edu.lv\/index.php?rest_route=\/wp\/v2\/pages\/262","targetHints":{"allow":["GET"]}}],"collection":[{"href":"https:\/\/www.aglonasskola.edu.lv\/index.php?rest_route=\/wp\/v2\/pages"}],"about":[{"href":"https:\/\/www.aglonasskola.edu.lv\/index.php?rest_route=\/wp\/v2\/types\/page"}],"author":[{"embeddable":true,"href":"https:\/\/www.aglonasskola.edu.lv\/index.php?rest_route=\/wp\/v2\/users\/2"}],"replies":[{"embeddable":true,"href":"https:\/\/www.aglonasskola.edu.lv\/index.php?rest_route=%2Fwp%2Fv2%2Fcomments&post=262"}],"version-history":[{"count":1,"href":"https:\/\/www.aglonasskola.edu.lv\/index.php?rest_route=\/wp\/v2\/pages\/262\/revisions"}],"predecessor-version":[{"id":307,"href":"https:\/\/www.aglonasskola.edu.lv\/index.php?rest_route=\/wp\/v2\/pages\/262\/revisions\/307"}],"wp:attachment":[{"href":"https:\/\/www.aglonasskola.edu.lv\/index.php?rest_route=%2Fwp%2Fv2%2Fmedia&parent=262"}],"curies":[{"name":"wp","href":"https:\/\/api.w.org\/{rel}","templated":true}]}}