{"id":258,"date":"2024-01-08T10:52:00","date_gmt":"2024-01-08T08:52:00","guid":{"rendered":"https:\/\/aglonasvsk.wordpress.com\/?page_id=258"},"modified":"2025-11-12T10:01:42","modified_gmt":"2025-11-12T08:01:42","slug":"karjera","status":"publish","type":"page","link":"https:\/\/www.aglonasskola.edu.lv\/?page_id=258","title":{"rendered":"Karjera"},"content":{"rendered":"\n<figure class=\"wp-block-image size-large\"><img decoding=\"async\" src=\"https:\/\/aglonasvsk.wordpress.com\/wp-content\/uploads\/2025\/03\/karjera.jpg?w=752\" alt=\"\" class=\"wp-image-396\" \/><\/figure>\n\n\n\n<p><strong>Karjeras konsultants<\/strong> \u2013 speci\u0101lists, kur\u0161 konsult\u0113, inform\u0113 un izgl\u012bto cilv\u0113kus karjeras att\u012bst\u012bbas jaut\u0101jumos, sniedz atbalstu karjeras pl\u0101no\u0161an\u0101 un veido\u0161an\u0101, k\u0101 ar\u012b pal\u012bdz att\u012bst\u012bt karjeras vad\u012bbas, tai skait\u0101, darba mekl\u0113\u0161anas prasmes.<\/p>\n\n\n\n<p><strong>Klienti:<\/strong> skol\u0113ni, vec\u0101ki, skolot\u0101ji<\/p>\n\n\n\n<p><strong>Karjeras konsultanta pamatuzdevumi <\/strong>karjeras izgl\u012bt\u012bbas programmas ietvaros:<\/p>\n\n\n\n<ul class=\"wp-block-list\">\n<li><strong>Inform\u0101cija<\/strong>\n<ul class=\"wp-block-list\">\n<li>Karjeras konsultants pal\u012bdz skol\u0113nam ieg\u016bt, izskaidrot un izmantot inform\u0101ciju, kas ir b\u016btiska vi\u0146u person\u012bg\u0101s un soci\u0101l\u0101s, izgl\u012bt\u012bbas un karjeras att\u012bst\u012bbai<\/li>\n<\/ul>\n<\/li>\n\n\n\n<li><strong>Konsult\u0113\u0161ana<\/strong>\n<ul class=\"wp-block-list\">\n<li>Karjeras konsultants pal\u012bdz audz\u0113k\u0146iem apg\u016bt prasmes, k\u0101 risin\u0101t probl\u0113mas, main\u012bt attieksmi un pie\u0146emt l\u0113mumus, lai risin\u0101tu da\u017e\u0101dus dz\u012bves jaut\u0101jumus. T\u0101 var b\u016bt person\u012bga konsult\u0113\u0161ana, izgl\u012btojo\u0161a konsult\u0113\u0161ana, karjeras konsult\u0113\u0161ana vai ar\u012b var b\u016bt apvienotas visas. To var pied\u0101v\u0101t gan individu\u0101li, gan grup\u0101 k\u0101 att\u012bst\u012bbas un m\u0101c\u012b\u0161an\u0101s procesa sast\u0101vda\u013cu.<\/li>\n<\/ul>\n<\/li>\n\n\n\n<li><strong>Atbalsts<\/strong>\n<ul class=\"wp-block-list\">\n<li>Karjeras konsultants sniedz atbalstu vec\u0101kiem, skolot\u0101jiem, skolas vad\u012bbai. Atbalsts attiecas uz skolas karjeras izgl\u012bt\u012bbas programmas izstr\u0101di, pas\u0101kumu pl\u0101no\u0161anu un \u012bsteno\u0161anu.<\/li>\n<\/ul>\n<\/li>\n\n\n\n<li><strong>Nov\u0113rt\u0113\u0161ana<\/strong>\n<ul class=\"wp-block-list\">\n<li>Karjeras konsultants piedal\u0101s da\u017e\u0101du testu un citu v\u0113rt\u0113\u0161anas instrumentu izv\u0113l\u0113, lai nodro\u0161in\u0101tu skolas karjeras izgl\u012bt\u012bbas programmas pas\u0101kumu attiec\u012bgo m\u0113r\u0137u sasnieg\u0161anu.<\/li>\n<\/ul>\n<\/li>\n\n\n\n<li><strong>Skolas karjeras izgl\u012bt\u012bbas pas\u0101kumu koordin\u0113\u0161ana<\/strong>\n<ul class=\"wp-block-list\">\n<li>Karjeras konsultants koordin\u0113 pas\u0101kumus saska\u0146\u0101 ar karjeras izgl\u012bt\u012bbas programmas m\u0113r\u0137iem (inform\u0101cijas snieg\u0161ana un\/vai IKT pieejam\u012bbas nodro\u0161in\u0101\u0161ana, karjeras vad\u012bbas prasmju veido\u0161ana.)<\/li>\n<\/ul>\n<\/li>\n\n\n\n<li><strong>Darba izm\u0113\u0123in\u0101jumu pl\u0101no\u0161ana un organiz\u0113\u0161ana<\/strong>\n<ul class=\"wp-block-list\">\n<li>Konsultants iesaist\u0101s skolas organiz\u0113tajos pas\u0101kumos darba pieredzes ieg\u016b\u0161anai darbaviet\u0101s vai darba simul\u0101cij\u0101 saist\u012bb\u0101 ar karjeras izgl\u012bt\u012bbas programmas m\u0113r\u0137iem. \u0160\u0101di pas\u0101kumi ietver darba pieredzes g\u016b\u0161anu, \u0113nu dienas, darbavietu, m\u0101c\u012bbu iest\u0101\u017eu apmekl\u0113\u0161anu.<\/li>\n<\/ul>\n<\/li>\n\n\n\n<li><strong>Nos\u016bt\u012b\u0161ana pie speci\u0101lista<\/strong>\n<ul class=\"wp-block-list\">\n<li>Karjeras konsultants pal\u012bdz skol\u0113niem atrast pal\u012bdz\u012bbu pie citiem atbalsta speci\u0101listiem skol\u0101 un\/vai \u0101rpus skolas, ja t\u0101da ir nepiecie\u0161ama, iev\u0113rojot visp\u0101rpie\u0146emto k\u0101rt\u012bbu vai saska\u0146\u0101 ar skolot\u0101ju, vec\u0101ku vai skolas vad\u012bbas ieteikumu.<\/li>\n<\/ul>\n<\/li>\n\n\n\n<li><strong>Profesion\u0101l\u0101 pilnveide<\/strong>\n<ul class=\"wp-block-list\">\n<li>Karjeras konsultants iet kopsol\u012b ar vis\u0101m izmai\u0146\u0101m, kas notiek izgl\u012bt\u012bbas, nodarbin\u0101t\u012bbas jom\u0101.<\/li>\n<\/ul>\n<\/li>\n<\/ul>\n\n\n\n<p>Individu\u0101l\u0101s karjeras izgl\u012bt\u012bbas konsult\u0101cij\u0101s ir iesp\u0113jams:<\/p>\n\n\n\n<ul class=\"wp-block-list\">\n<li>Izzin\u0101t savas intereses, v\u0113lmes, prasmes, talantus.<\/li>\n\n\n\n<li>Sagatavot kvalitat\u012bvu CV un motiv\u0101cijas v\u0113stuli.<\/li>\n\n\n\n<li>Izv\u0113l\u0113ties person\u012bbai piem\u0113rot\u0101ko profesiju.<\/li>\n\n\n\n<li>Izv\u0113l\u0113ties piem\u0113rot\u0101ko m\u0101c\u012bbu programmu<\/li>\n\n\n\n<li>Pl\u0101not t\u0101l\u0101kizgl\u012bt\u012bbas ce\u013cu.<\/li>\n<\/ul>\n\n\n\n<p><\/p>\n","protected":false},"excerpt":{"rendered":"<p>Karjeras konsultants \u2013 speci\u0101lists, kur\u0161 konsult\u0113, inform\u0113 un izgl\u012bto cilv\u0113kus karjeras att\u012bst\u012bbas jaut\u0101jumos, sniedz atbalstu karjeras pl\u0101no\u0161an\u0101 un veido\u0161an\u0101, k\u0101 [&hellip;]<\/p>\n","protected":false},"author":2,"featured_media":0,"parent":0,"menu_order":0,"comment_status":"closed","ping_status":"closed","template":"","meta":{"site-sidebar-layout":"default","site-content-layout":"","ast-site-content-layout":"default","site-content-style":"default","site-sidebar-style":"default","ast-global-header-display":"","ast-banner-title-visibility":"","ast-main-header-display":"","ast-hfb-above-header-display":"","ast-hfb-below-header-display":"","ast-hfb-mobile-header-display":"","site-post-title":"","ast-breadcrumbs-content":"","ast-featured-img":"","footer-sml-layout":"","theme-transparent-header-meta":"","adv-header-id-meta":"","stick-header-meta":"","header-above-stick-meta":"","header-main-stick-meta":"","header-below-stick-meta":"","astra-migrate-meta-layouts":"default","ast-page-background-enabled":"default","ast-page-background-meta":{"desktop":{"background-color":"var(--ast-global-color-5)","background-image":"","background-repeat":"repeat","background-position":"center center","background-size":"auto","background-attachment":"scroll","background-type":"","background-media":"","overlay-type":"","overlay-color":"","overlay-opacity":"","overlay-gradient":""},"tablet":{"background-color":"","background-image":"","background-repeat":"repeat","background-position":"center center","background-size":"auto","background-attachment":"scroll","background-type":"","background-media":"","overlay-type":"","overlay-color":"","overlay-opacity":"","overlay-gradient":""},"mobile":{"background-color":"","background-image":"","background-repeat":"repeat","background-position":"center center","background-size":"auto","background-attachment":"scroll","background-type":"","background-media":"","overlay-type":"","overlay-color":"","overlay-opacity":"","overlay-gradient":""}},"ast-content-background-meta":{"desktop":{"background-color":"var(--ast-global-color-4)","background-image":"","background-repeat":"repeat","background-position":"center center","background-size":"auto","background-attachment":"scroll","background-type":"","background-media":"","overlay-type":"","overlay-color":"","overlay-opacity":"","overlay-gradient":""},"tablet":{"background-color":"var(--ast-global-color-4)","background-image":"","background-repeat":"repeat","background-position":"center center","background-size":"auto","background-attachment":"scroll","background-type":"","background-media":"","overlay-type":"","overlay-color":"","overlay-opacity":"","overlay-gradient":""},"mobile":{"background-color":"var(--ast-global-color-4)","background-image":"","background-repeat":"repeat","background-position":"center center","background-size":"auto","background-attachment":"scroll","background-type":"","background-media":"","overlay-type":"","overlay-color":"","overlay-opacity":"","overlay-gradient":""}},"footnotes":""},"class_list":["post-258","page","type-page","status-publish","hentry"],"_links":{"self":[{"href":"https:\/\/www.aglonasskola.edu.lv\/index.php?rest_route=\/wp\/v2\/pages\/258","targetHints":{"allow":["GET"]}}],"collection":[{"href":"https:\/\/www.aglonasskola.edu.lv\/index.php?rest_route=\/wp\/v2\/pages"}],"about":[{"href":"https:\/\/www.aglonasskola.edu.lv\/index.php?rest_route=\/wp\/v2\/types\/page"}],"author":[{"embeddable":true,"href":"https:\/\/www.aglonasskola.edu.lv\/index.php?rest_route=\/wp\/v2\/users\/2"}],"replies":[{"embeddable":true,"href":"https:\/\/www.aglonasskola.edu.lv\/index.php?rest_route=%2Fwp%2Fv2%2Fcomments&post=258"}],"version-history":[{"count":1,"href":"https:\/\/www.aglonasskola.edu.lv\/index.php?rest_route=\/wp\/v2\/pages\/258\/revisions"}],"predecessor-version":[{"id":315,"href":"https:\/\/www.aglonasskola.edu.lv\/index.php?rest_route=\/wp\/v2\/pages\/258\/revisions\/315"}],"wp:attachment":[{"href":"https:\/\/www.aglonasskola.edu.lv\/index.php?rest_route=%2Fwp%2Fv2%2Fmedia&parent=258"}],"curies":[{"name":"wp","href":"https:\/\/api.w.org\/{rel}","templated":true}]}}