{"id":194,"date":"2023-12-23T21:21:09","date_gmt":"2023-12-23T19:21:09","guid":{"rendered":"https:\/\/aglonasvsk.wordpress.com\/?page_id=194"},"modified":"2026-03-04T16:23:47","modified_gmt":"2026-03-04T14:23:47","slug":"par-skolu","status":"publish","type":"page","link":"https:\/\/www.aglonasskola.edu.lv\/","title":{"rendered":"Par skolu"},"content":{"rendered":"\n<figure class=\"wp-block-image alignfull size-large\"><img decoding=\"async\" src=\"http:\/\/www.aglonasskola.edu.lv\/wp-content\/uploads\/2023\/12\/20230731_122606.jpg?w=1024\" alt=\"\" class=\"wp-image-172\"\/><\/figure>\n\n\n\n<p class=\"has-text-align-justify\">Aglonas vidusskola atrodas Prei\u013cu novada Aglonas pagast\u0101. T\u0101 tika izveidota uz biju\u0161\u0101s Aglonas v\u012brie\u0161u \u0123imn\u0101zijas b\u0101zes, k\u0101 rezult\u0101t\u0101 1944. gad\u0101 darb\u012bbu uzs\u0101ka jauna tipa skola \u2013 Aglonas vidusskola, kas atrad\u0101s tagad\u0113j\u0101s Kato\u013cu \u0123imn\u0101zijas telp\u0101s. Vidusskolas pa\u0161reiz\u0113j\u0101 \u0113ka Ciri\u0161a ezera krast\u0101 s\u0101ka darboties 1961. gad\u0101.<\/p>\n\n\n\n<h2 class=\"wp-block-heading has-text-align-center\">Misija<\/h2>\n\n\n\n<p>M\u016bsdien\u012bga, trad\u012bcij\u0101m bag\u0101ta skola, kura&nbsp; ikvienam izgl\u012btojamajam dod iesp\u0113ju veidoties par br\u012bvu konkur\u0113t sp\u0113j\u012bgu person\u012bbu.<\/p>\n\n\n\n<h2 class=\"wp-block-heading has-text-align-center\">V\u012bzija&nbsp; par izgl\u012btojamo<\/h2>\n\n\n\n<p>m\u0101camies j\u0113gpilni, atbild\u012bgi,&nbsp; m\u0101c\u0101mies sadarbojoties.<\/p>\n\n\n\n<h2 class=\"wp-block-heading has-text-align-center\">V\u0113rt\u012bbas<\/h2>\n\n\n\n<p><strong>Sadarb\u012bba<\/strong> \u2013 sp\u0113ja ar pozit\u012bvu attieksmi str\u0101d\u0101t komand\u0101, iesaiste skolas dz\u012bves pilnveido\u0161an\u0101 iniciat\u012bva jauniem izaicin\u0101jumiem.<\/p>\n\n\n\n<p><strong>Atbild\u012bba<\/strong> \u2013 apzin\u0101ta darb\u012bba .kas \u013cauj regul\u0113t uzved\u012bbu un atbild\u0113t par savu r\u012bc\u012bbu.<\/p>\n\n\n\n<p><strong>Cie\u0146a<\/strong> \u2013 cie\u0146pilna sadarb\u012bba ar prasmi l\u0113mumus, sp\u0113ja saprast un p\u0101rvald\u012bt sevi.<\/p>\n\n\n\n<p><strong>Griba<\/strong> &#8211; sp\u0113ks, v\u0113lme, tieksme, motiv\u0101cija, kas izpau\u017eas apzin\u0101t\u0101 un m\u0113r\u0137tiec\u012bga darb\u012bba.<\/p>\n\n\n\n<p><strong>Dro\u0161\u012bba<\/strong> &#8211; dro\u0161as cie\u0146pilnas attiec\u012bbas, atbalsts izgl\u012btojamiem, sak\u0101rtota,dro\u0161a vide.<\/p>\n","protected":false},"excerpt":{"rendered":"<p>Aglonas vidusskola atrodas Prei\u013cu novada Aglonas pagast\u0101. T\u0101 tika izveidota uz biju\u0161\u0101s Aglonas v\u012brie\u0161u \u0123imn\u0101zijas b\u0101zes, k\u0101 rezult\u0101t\u0101 1944. gad\u0101 [&hellip;]<\/p>\n","protected":false},"author":2,"featured_media":0,"parent":0,"menu_order":0,"comment_status":"closed","ping_status":"closed","template":"","meta":{"site-sidebar-layout":"default","site-content-layout":"","ast-site-content-layout":"default","site-content-style":"default","site-sidebar-style":"default","ast-global-header-display":"","ast-banner-title-visibility":"","ast-main-header-display":"","ast-hfb-above-header-display":"","ast-hfb-below-header-display":"","ast-hfb-mobile-header-display":"","site-post-title":"disabled","ast-breadcrumbs-content":"","ast-featured-img":"","footer-sml-layout":"","theme-transparent-header-meta":"","adv-header-id-meta":"","stick-header-meta":"","header-above-stick-meta":"","header-main-stick-meta":"","header-below-stick-meta":"","astra-migrate-meta-layouts":"default","ast-page-background-enabled":"default","ast-page-background-meta":{"desktop":{"background-color":"var(--ast-global-color-5)","background-image":"","background-repeat":"repeat","background-position":"center center","background-size":"auto","background-attachment":"scroll","background-type":"","background-media":"","overlay-type":"","overlay-color":"","overlay-opacity":"","overlay-gradient":""},"tablet":{"background-color":"","background-image":"","background-repeat":"repeat","background-position":"center center","background-size":"auto","background-attachment":"scroll","background-type":"","background-media":"","overlay-type":"","overlay-color":"","overlay-opacity":"","overlay-gradient":""},"mobile":{"background-color":"","background-image":"","background-repeat":"repeat","background-position":"center center","background-size":"auto","background-attachment":"scroll","background-type":"","background-media":"","overlay-type":"","overlay-color":"","overlay-opacity":"","overlay-gradient":""}},"ast-content-background-meta":{"desktop":{"background-color":"var(--ast-global-color-4)","background-image":"","background-repeat":"repeat","background-position":"center center","background-size":"auto","background-attachment":"scroll","background-type":"","background-media":"","overlay-type":"","overlay-color":"","overlay-opacity":"","overlay-gradient":""},"tablet":{"background-color":"var(--ast-global-color-4)","background-image":"","background-repeat":"repeat","background-position":"center center","background-size":"auto","background-attachment":"scroll","background-type":"","background-media":"","overlay-type":"","overlay-color":"","overlay-opacity":"","overlay-gradient":""},"mobile":{"background-color":"var(--ast-global-color-4)","background-image":"","background-repeat":"repeat","background-position":"center center","background-size":"auto","background-attachment":"scroll","background-type":"","background-media":"","overlay-type":"","overlay-color":"","overlay-opacity":"","overlay-gradient":""}},"footnotes":""},"class_list":["post-194","page","type-page","status-publish","hentry"],"_links":{"self":[{"href":"https:\/\/www.aglonasskola.edu.lv\/index.php?rest_route=\/wp\/v2\/pages\/194","targetHints":{"allow":["GET"]}}],"collection":[{"href":"https:\/\/www.aglonasskola.edu.lv\/index.php?rest_route=\/wp\/v2\/pages"}],"about":[{"href":"https:\/\/www.aglonasskola.edu.lv\/index.php?rest_route=\/wp\/v2\/types\/page"}],"author":[{"embeddable":true,"href":"https:\/\/www.aglonasskola.edu.lv\/index.php?rest_route=\/wp\/v2\/users\/2"}],"replies":[{"embeddable":true,"href":"https:\/\/www.aglonasskola.edu.lv\/index.php?rest_route=%2Fwp%2Fv2%2Fcomments&post=194"}],"version-history":[{"count":5,"href":"https:\/\/www.aglonasskola.edu.lv\/index.php?rest_route=\/wp\/v2\/pages\/194\/revisions"}],"predecessor-version":[{"id":368,"href":"https:\/\/www.aglonasskola.edu.lv\/index.php?rest_route=\/wp\/v2\/pages\/194\/revisions\/368"}],"wp:attachment":[{"href":"https:\/\/www.aglonasskola.edu.lv\/index.php?rest_route=%2Fwp%2Fv2%2Fmedia&parent=194"}],"curies":[{"name":"wp","href":"https:\/\/api.w.org\/{rel}","templated":true}]}}