{"id":106,"date":"2023-08-25T13:36:33","date_gmt":"2023-08-25T10:36:33","guid":{"rendered":"https:\/\/aglonasvsk.wordpress.com\/?page_id=106"},"modified":"2023-08-25T13:36:33","modified_gmt":"2023-08-25T10:36:33","slug":"izglitibas-programmas","status":"publish","type":"page","link":"https:\/\/www.aglonasskola.edu.lv\/?page_id=106","title":{"rendered":"Izgl\u012bt\u012bbas programmas"},"content":{"rendered":"\n<figure class=\"wp-block-table alignwide\"><table><tbody><tr><td>Kods<\/td><td>Apraksts<\/td><\/tr><tr><td>21011111<\/td><td>Pamatizgl\u012bt\u012bbas programma<\/td><\/tr><tr><td>31016011<\/td><td>Vispar\u0113j\u0101s videj\u0101s izglit\u012bbas programma<\/td><\/tr><tr><td>21015811<\/td><td>speci\u0101l\u0101s pamatizgl\u012bt\u012bbas programma izgl\u012btojamajiem ar gar\u012bg\u0101s att\u012bst\u012bbas trauc\u0113jumiem<\/td><\/tr><tr><td>21015611<\/td><td>speci\u0101l\u0101s pamatizgl\u012bt\u012bbas programma izgl\u012btojamajiem ar m\u0101c\u012b\u0161an\u0101s trauc\u0113jumiem<\/td><\/tr><tr><td>01011111<\/td><td>pirmsskolas izgl\u012bt\u012bbas programma<\/td><\/tr><\/tbody><\/table><\/figure>\n\n\n\n<p>&nbsp;Aglonas vidusskolas programmas akredit\u0113tas l\u012bdz 2027. gada 8. febru\u0101rim.<\/p>\n","protected":false},"excerpt":{"rendered":"<p>Kods Apraksts 21011111 Pamatizgl\u012bt\u012bbas programma 31016011 Vispar\u0113j\u0101s videj\u0101s izglit\u012bbas programma 21015811 speci\u0101l\u0101s pamatizgl\u012bt\u012bbas programma izgl\u012btojamajiem ar gar\u012bg\u0101s att\u012bst\u012bbas trauc\u0113jumiem 21015611 [&hellip;]<\/p>\n","protected":false},"author":2,"featured_media":0,"parent":0,"menu_order":0,"comment_status":"closed","ping_status":"closed","template":"","meta":{"site-sidebar-layout":"default","site-content-layout":"","ast-site-content-layout":"default","site-content-style":"default","site-sidebar-style":"default","ast-global-header-display":"","ast-banner-title-visibility":"","ast-main-header-display":"","ast-hfb-above-header-display":"","ast-hfb-below-header-display":"","ast-hfb-mobile-header-display":"","site-post-title":"","ast-breadcrumbs-content":"","ast-featured-img":"","footer-sml-layout":"","theme-transparent-header-meta":"","adv-header-id-meta":"","stick-header-meta":"","header-above-stick-meta":"","header-main-stick-meta":"","header-below-stick-meta":"","astra-migrate-meta-layouts":"default","ast-page-background-enabled":"default","ast-page-background-meta":{"desktop":{"background-color":"var(--ast-global-color-5)","background-image":"","background-repeat":"repeat","background-position":"center center","background-size":"auto","background-attachment":"scroll","background-type":"","background-media":"","overlay-type":"","overlay-color":"","overlay-opacity":"","overlay-gradient":""},"tablet":{"background-color":"","background-image":"","background-repeat":"repeat","background-position":"center center","background-size":"auto","background-attachment":"scroll","background-type":"","background-media":"","overlay-type":"","overlay-color":"","overlay-opacity":"","overlay-gradient":""},"mobile":{"background-color":"","background-image":"","background-repeat":"repeat","background-position":"center center","background-size":"auto","background-attachment":"scroll","background-type":"","background-media":"","overlay-type":"","overlay-color":"","overlay-opacity":"","overlay-gradient":""}},"ast-content-background-meta":{"desktop":{"background-color":"var(--ast-global-color-4)","background-image":"","background-repeat":"repeat","background-position":"center center","background-size":"auto","background-attachment":"scroll","background-type":"","background-media":"","overlay-type":"","overlay-color":"","overlay-opacity":"","overlay-gradient":""},"tablet":{"background-color":"var(--ast-global-color-4)","background-image":"","background-repeat":"repeat","background-position":"center center","background-size":"auto","background-attachment":"scroll","background-type":"","background-media":"","overlay-type":"","overlay-color":"","overlay-opacity":"","overlay-gradient":""},"mobile":{"background-color":"var(--ast-global-color-4)","background-image":"","background-repeat":"repeat","background-position":"center center","background-size":"auto","background-attachment":"scroll","background-type":"","background-media":"","overlay-type":"","overlay-color":"","overlay-opacity":"","overlay-gradient":""}},"footnotes":""},"class_list":["post-106","page","type-page","status-publish","hentry"],"_links":{"self":[{"href":"https:\/\/www.aglonasskola.edu.lv\/index.php?rest_route=\/wp\/v2\/pages\/106","targetHints":{"allow":["GET"]}}],"collection":[{"href":"https:\/\/www.aglonasskola.edu.lv\/index.php?rest_route=\/wp\/v2\/pages"}],"about":[{"href":"https:\/\/www.aglonasskola.edu.lv\/index.php?rest_route=\/wp\/v2\/types\/page"}],"author":[{"embeddable":true,"href":"https:\/\/www.aglonasskola.edu.lv\/index.php?rest_route=\/wp\/v2\/users\/2"}],"replies":[{"embeddable":true,"href":"https:\/\/www.aglonasskola.edu.lv\/index.php?rest_route=%2Fwp%2Fv2%2Fcomments&post=106"}],"version-history":[{"count":0,"href":"https:\/\/www.aglonasskola.edu.lv\/index.php?rest_route=\/wp\/v2\/pages\/106\/revisions"}],"wp:attachment":[{"href":"https:\/\/www.aglonasskola.edu.lv\/index.php?rest_route=%2Fwp%2Fv2%2Fmedia&parent=106"}],"curies":[{"name":"wp","href":"https:\/\/api.w.org\/{rel}","templated":true}]}}