{"id":102,"date":"2023-08-25T13:34:47","date_gmt":"2023-08-25T10:34:47","guid":{"rendered":"https:\/\/aglonasvsk.wordpress.com\/?page_id=102"},"modified":"2025-11-06T14:29:17","modified_gmt":"2025-11-06T12:29:17","slug":"skolotaji","status":"publish","type":"page","link":"https:\/\/www.aglonasskola.edu.lv\/?page_id=102","title":{"rendered":"Darbinieki"},"content":{"rendered":"\n<h3 class=\"wp-block-heading\">Administr\u0101cija<\/h3>\n\n\n\n<figure class=\"wp-block-table alignwide\"><table><tbody><tr><td><strong>Amats<\/strong><\/td><td><strong>Uzv\u0101rds, V\u0101rds<\/strong><\/td><td><strong>Kontaktinform\u0101cija<\/strong><\/td><\/tr><tr><td>Direktors<\/td><td>Guntars Ratenieks<\/td><td><a href=\"tel:+371 27830505\">+37126477083 <\/a><br><a href=\"mailto:lidija.satilova@preili.lv\">guntars.ratenieks@preili.lv<\/a><\/td><\/tr><tr><td>Lietvede<\/td><td>Bahromkina Viktorija<\/td><td><a href=\"tel:+371 20274860\">+371 20274860<\/a><br><a href=\"mailto:viktorija.bahromkina@preili.lv\">viktorija.bahromkina@preili.lv<\/a><\/td><\/tr><tr><td>Direktora vietnieks saimnieciskaj\u0101 darb\u0101<\/td><td>Rep\u0161a Ilm\u0101rs<\/td><td><a href=\"tel:+371\">+37128257564 <\/a><br><a href=\"Aglona07@inbox.lv\">Aglona07@inbox.lv<\/a><\/td><\/tr><tr><td>Direktora vietnieks izgl\u012bt\u012bbas jom\u0101<\/td><td>Jana Ba\u0161ko<\/td><td><a href=\"tel:+371\">+37128653613 <\/a><br><a href=\"Aglona07@inbox.lv\">jjana2@inbox.lv<\/a><\/td><\/tr><tr><td>Direktora vietnieks audzin\u0101\u0161anas darb\u0101<\/td><td>Marta Ra\u010dko<\/td><td><a href=\"tel:+371\">+37128690472 <\/a><\/td><\/tr><\/tbody><\/table><\/figure>\n\n\n\n<h3 class=\"wp-block-heading\">Skolot\u0101ji <\/h3>\n\n\n\n<figure class=\"wp-block-table alignwide\"><table><tbody><tr><td><strong>Uzv\u0101rds, V\u0101rds<\/strong><\/td><td><strong>M\u0101c\u012bbu priek\u0161meti<\/strong><\/td><\/tr><tr><td><strong>\u0100bola -Reli\u0146a Inese <\/strong><\/td><td>Ang\u013cu valoda<\/td><\/tr><tr><td><strong>Valtere<\/strong> <strong>Svetlana <\/strong><\/td><td>Krievu valoda<\/td><\/tr><tr><td><strong>Gedroic-Juraga Gunta<\/strong><\/td><td>\u0136\u012bmija<\/td><\/tr><tr><td><strong>Bitinas Mindaugas<\/strong><\/td><td>Dizains un tehnolo\u0123ijas<\/td><\/tr><tr><td><strong>Brok\u0101ne Tatjana<\/strong><\/td><td>S\u0101kumskolas skolot\u0101js<\/td><\/tr><tr><td><strong>Casno Iveta<\/strong><\/td><td>S\u0101kumskolas skolot\u0101js<\/td><\/tr><tr><td><strong>\u010caupjonoka El\u0113na<\/strong><\/td><td>Matem\u0101tika, \u0122eogr\u0101fija<\/td><\/tr><tr><td><strong>Dumbrovska Inta <\/strong><\/td><td>Latvie\u0161u valoda un literat\u016bra<\/td><\/tr><tr><td><strong>Gribonika-Upeniece Aira<\/strong><\/td><td>M\u016bzika<\/td><\/tr><tr><td><strong>Ivbule Rita<\/strong><\/td><td>S\u0101kumskolas skolot\u0101js<\/td><\/tr><tr><td><strong>Kalv\u0101ne Inta<\/strong><\/td><td>S\u0101kumskolas skolot\u0101js<\/td><\/tr><tr><td><strong>Kova\u013ckova Vija<\/strong><\/td><td>S\u0101kumskolas skolot\u0101js<\/td><\/tr><tr><td><strong>Kroi\u010de Ingr\u012bda<\/strong><\/td><td>Dabaszin\u012bbas, Biolo\u0123ija<\/td><\/tr><tr><td><strong>Zvidri\u0146a Irina<\/strong><\/td><td>Biolo\u0123ija, \u0136\u012bmija<\/td><\/tr><tr><td><strong>Meldere Valent\u012bna<\/strong><\/td><td>S\u0101kumskolas skolot\u0101js<\/td><\/tr><tr><td><strong>Puncule Laura<\/strong><\/td><td>Sports un vesel\u012bba<\/td><\/tr><tr><td><strong>Nikolajenko Elv\u012bra<\/strong><\/td><td>Dienesta viesn\u012bcas audzin\u0101t\u0101ja<\/td><\/tr><tr><td><strong>Ratenieks Guntars<\/strong><\/td><td>Latvijas un pasaules v\u0113sture<\/td><\/tr><tr><td><strong>Re\u010da Inta<\/strong><\/td><td>Dizains un tehnolo\u0123ijas<\/td><\/tr><tr><td><strong>Rivare Vita<\/strong><\/td><td>Ang\u013cu valoda<\/td><\/tr><tr><td><strong>Smirnova El\u012bna<\/strong><\/td><td>Latvie\u0161u valoda un literat\u016bra, Te\u0101tra m\u0101ksla, Publisk\u0101 uzst\u0101\u0161an\u0101s<\/td><\/tr><tr><td><strong>Solima Lolita<\/strong><\/td><td>matem\u0101tika, datorika, Fizika<\/td><\/tr><tr><td><strong>Suveizda J\u0101nis<\/strong><\/td><td>Soi\u0101l\u0101s zin\u012bbas un v\u0113sture<\/td><\/tr><tr><td><strong>\u0160v\u0101be Ilona<\/strong><\/td><td>Latvie\u0161u valoda un literat\u016bra, Medijprat\u012bba, Soci\u0101l\u0101s pedagogs<\/td><\/tr><tr><td><strong>Ukina In\u0101ra<\/strong><\/td><td>Dizains un tehnoli\u0123ijas<\/td><\/tr><tr><td><strong>Ukins J\u0101nis<\/strong><\/td><td>Sports un vesel\u012bba<\/td><\/tr><tr><td><strong>Valaine Lilita<\/strong><\/td><td>M\u016bzika, Kult\u016bras pamati<\/td><\/tr><tr><td><strong>Veto\u0161kina Kar\u012bna<\/strong><\/td><td>Datorika, Programm\u0113\u0161ana<\/td><\/tr><tr><td><\/td><td><\/td><\/tr><\/tbody><\/table><\/figure>\n\n\n\n<h2 class=\"wp-block-heading\">Atbalsta person\u0101ls<\/h2>\n\n\n\n<figure class=\"wp-block-table\"><table><tbody><tr><td><strong>Uzv\u0101rds, V\u0101rds<\/strong><\/td><td><strong>Amats<\/strong><\/td><\/tr><tr><td><strong>Ka\u013c\u0101ne Lolita<\/strong><\/td><td>Psihologs<\/td><\/tr><tr><td><strong>Nikolajenko Elv\u012bra<\/strong><\/td><td>Speci\u0101lais pedagogs<\/td><\/tr><tr><td><strong>Leonovi\u010da Ilze<\/strong><\/td><td>Logop\u0113ds<\/td><\/tr><tr><td><strong>Rateniece Dzintra<\/strong><\/td><td>Bibliotek\u0101re<\/td><\/tr><tr><td><strong>Vasi\u013cevska Anna<\/strong><\/td><td>Pedagoga pal\u012bgs<\/td><\/tr><\/tbody><\/table><\/figure>\n\n\n\n<p><\/p>\n","protected":false},"excerpt":{"rendered":"<p>Administr\u0101cija Amats Uzv\u0101rds, V\u0101rds Kontaktinform\u0101cija Direktors Guntars Ratenieks +37126477083 guntars.ratenieks@preili.lv Lietvede Bahromkina Viktorija +371 20274860viktorija.bahromkina@preili.lv Direktora vietnieks saimnieciskaj\u0101 darb\u0101 Rep\u0161a [&hellip;]<\/p>\n","protected":false},"author":2,"featured_media":0,"parent":0,"menu_order":0,"comment_status":"closed","ping_status":"closed","template":"","meta":{"site-sidebar-layout":"default","site-content-layout":"","ast-site-content-layout":"default","site-content-style":"default","site-sidebar-style":"default","ast-global-header-display":"","ast-banner-title-visibility":"","ast-main-header-display":"","ast-hfb-above-header-display":"","ast-hfb-below-header-display":"","ast-hfb-mobile-header-display":"","site-post-title":"","ast-breadcrumbs-content":"","ast-featured-img":"","footer-sml-layout":"","theme-transparent-header-meta":"","adv-header-id-meta":"","stick-header-meta":"","header-above-stick-meta":"","header-main-stick-meta":"","header-below-stick-meta":"","astra-migrate-meta-layouts":"default","ast-page-background-enabled":"default","ast-page-background-meta":{"desktop":{"background-color":"var(--ast-global-color-5)","background-image":"","background-repeat":"repeat","background-position":"center center","background-size":"auto","background-attachment":"scroll","background-type":"","background-media":"","overlay-type":"","overlay-color":"","overlay-opacity":"","overlay-gradient":""},"tablet":{"background-color":"","background-image":"","background-repeat":"repeat","background-position":"center center","background-size":"auto","background-attachment":"scroll","background-type":"","background-media":"","overlay-type":"","overlay-color":"","overlay-opacity":"","overlay-gradient":""},"mobile":{"background-color":"","background-image":"","background-repeat":"repeat","background-position":"center center","background-size":"auto","background-attachment":"scroll","background-type":"","background-media":"","overlay-type":"","overlay-color":"","overlay-opacity":"","overlay-gradient":""}},"ast-content-background-meta":{"desktop":{"background-color":"var(--ast-global-color-4)","background-image":"","background-repeat":"repeat","background-position":"center center","background-size":"auto","background-attachment":"scroll","background-type":"","background-media":"","overlay-type":"","overlay-color":"","overlay-opacity":"","overlay-gradient":""},"tablet":{"background-color":"var(--ast-global-color-4)","background-image":"","background-repeat":"repeat","background-position":"center center","background-size":"auto","background-attachment":"scroll","background-type":"","background-media":"","overlay-type":"","overlay-color":"","overlay-opacity":"","overlay-gradient":""},"mobile":{"background-color":"var(--ast-global-color-4)","background-image":"","background-repeat":"repeat","background-position":"center center","background-size":"auto","background-attachment":"scroll","background-type":"","background-media":"","overlay-type":"","overlay-color":"","overlay-opacity":"","overlay-gradient":""}},"footnotes":""},"class_list":["post-102","page","type-page","status-publish","hentry"],"_links":{"self":[{"href":"https:\/\/www.aglonasskola.edu.lv\/index.php?rest_route=\/wp\/v2\/pages\/102","targetHints":{"allow":["GET"]}}],"collection":[{"href":"https:\/\/www.aglonasskola.edu.lv\/index.php?rest_route=\/wp\/v2\/pages"}],"about":[{"href":"https:\/\/www.aglonasskola.edu.lv\/index.php?rest_route=\/wp\/v2\/types\/page"}],"author":[{"embeddable":true,"href":"https:\/\/www.aglonasskola.edu.lv\/index.php?rest_route=\/wp\/v2\/users\/2"}],"replies":[{"embeddable":true,"href":"https:\/\/www.aglonasskola.edu.lv\/index.php?rest_route=%2Fwp%2Fv2%2Fcomments&post=102"}],"version-history":[{"count":2,"href":"https:\/\/www.aglonasskola.edu.lv\/index.php?rest_route=\/wp\/v2\/pages\/102\/revisions"}],"predecessor-version":[{"id":310,"href":"https:\/\/www.aglonasskola.edu.lv\/index.php?rest_route=\/wp\/v2\/pages\/102\/revisions\/310"}],"wp:attachment":[{"href":"https:\/\/www.aglonasskola.edu.lv\/index.php?rest_route=%2Fwp%2Fv2%2Fmedia&parent=102"}],"curies":[{"name":"wp","href":"https:\/\/api.w.org\/{rel}","templated":true}]}}